{"id":73,"date":"2022-08-07T22:43:52","date_gmt":"2022-08-07T22:43:52","guid":{"rendered":"https:\/\/labvector.testofff.ru\/?page_id=73"},"modified":"2023-02-16T15:16:07","modified_gmt":"2023-02-16T14:16:07","slug":"dry-storage-cabinets","status":"publish","type":"page","link":"https:\/\/labvector.de\/de\/products\/dry-storage-cabinets\/","title":{"rendered":"Trockenlagerschr\u00e4nke"},"content":{"rendered":"<p>[vc_row full_width=&#8220;stretch_row&#8220; el_class=&#8220;catalog_block catalog_block_inner&#8220;][vc_column][vc_column_text]\n\n<div id=\"wk-gride38\" class=\"uk-grid-width-1-1 uk-grid-width-small-1-1 uk-grid-width-medium-1-2 uk-grid-width-large-1-4 uk-grid-width-xlarge-1-4 uk-grid uk-grid-match uk-text-center \" data-uk-grid-match=\"{target:'> div > .uk-panel', row:true}\" data-uk-grid-margin >\n\n\n    <div>\n        <div class=\"uk-panel\">\n\n                        <a class=\"uk-position-cover uk-position-z-index\" href=\"\/de\/products\/dry-storage-cabinets\/ultra-low-humidity-dry-storage-cabinets\/\"><\/a>\n            \n            \n                        <div class=\"uk-text-center uk-panel-teaser\"><img loading=\"lazy\" decoding=\"async\" src=\"\/wp-content\/uploads\/2022\/12\/dry-storage-cabinets.jpg\" alt=\"Trockenlagerschr\u00e4nke mit extrem niedriger Luftfeuchtigkeit\" width=\"198\" height=\"198\"><\/div>\n            \n            \n                        <h3 class=\"uk-panel-title uk-margin-bottom-remove\">\n\n                                    <a class=\"uk-link-reset\" href=\"\/de\/products\/dry-storage-cabinets\/ultra-low-humidity-dry-storage-cabinets\/\">Trockenlagerschr\u00e4nke mit extrem niedriger Luftfeuchtigkeit<\/a>\n                \n                \n            <\/h3>\n            \n            \n            \n            \n            \n            \n            \n        <\/div>\n    <\/div>\n\n\n    <div>\n        <div class=\"uk-panel\">\n\n                        <a class=\"uk-position-cover uk-position-z-index\" href=\"\/de\/products\/dry-storage-cabinets\/laboratory-dry-drag-storage-cabinets\/\"><\/a>\n            \n            \n                        <div class=\"uk-text-center uk-panel-teaser\"><img loading=\"lazy\" decoding=\"async\" src=\"\/wp-content\/uploads\/2022\/12\/Laboratory-dry-drag-storage-cabinets-0.jpg\" alt=\"Trockenlagerschr\u00e4nke f\u00fcr Labors\" width=\"198\" height=\"198\"><\/div>\n            \n            \n                        <h3 class=\"uk-panel-title uk-margin-bottom-remove uk-margin-bottom-remove\">\n\n                                    <a class=\"uk-link-reset\" href=\"\/de\/products\/dry-storage-cabinets\/laboratory-dry-drag-storage-cabinets\/\">Trockenlagerschr\u00e4nke f\u00fcr Labors<\/a>\n                \n                \n            <\/h3>\n            \n            \n            \n            \n            \n            \n            \n        <\/div>\n    <\/div>\n\n\n<\/div>\n\n<script>\n(function($){\n\n    \/\/ get the images of the gallery and replace it by a canvas of the same size to fix the problem with overlapping images on load.\n    $('img[width][height]:not(.uk-overlay-panel)', $('#wk-gride38')).each(function() {\n\n        var $img = $(this);\n\n        if (this.width == 'auto' || this.height == 'auto' || !$img.is(':visible')) {\n            return;\n        }\n\n        var $canvas = $('<canvas class=\"uk-responsive-width\"><\/canvas>').attr({width:$img.attr('width'), height:$img.attr('height')}),\n            img = new Image,\n            release = function() {\n                $canvas.remove();\n                $img.css('display', '');\n                release = function(){};\n            };\n\n        $img.css('display', 'none').after($canvas);\n\n        $(img).on('load', function(){ release(); });\n        setTimeout(function(){ release(); }, 1000);\n\n        img.src = this.src;\n\n    });\n\n})(jQuery);\n<\/script>\n[\/vc_column_text][\/vc_column][\/vc_row][vc_row][vc_column][vc_column_text]<\/p>\n<p style=\"font-weight: 400;\">Die Firma LabVector GmbH ist exklusiver Distributor von Trockenschr\u00e4nken der Weltmarke EDRY.\u00a0 Als professionelles Unternehmen f\u00fcr Anti-Feuchtigkeitsprodukte wurde EDRY 1987 gegr\u00fcndet und verf\u00fcgt \u00fcber 30 Jahre Produktionserfahrung.\u00a0 Unser Unternehmen basiert auf Professionalit\u00e4t, Verantwortung und Vertrauen.\u00a0 Wir streben danach, weltweit das h\u00f6chste Niveau zu erreichen.\u00a0 Wir dienen unseren Kunden mit Dankbarkeit, indem wir ihnen sichere und qualitativ hochwertige Produkte zu erschwinglichen Preisen anbieten.\u00a0 EDRY ist wettbewerbsf\u00e4hig und hat einen angemessenen Preis bei guter Produktqualit\u00e4t, Funktion, Service und Ruf.\u00a0 Auch zu unseren Partnern pflegt unser Unternehmen gute Beziehungen.\u00a0 F\u00fcr unsere Agenten bieten wir besseren After-Sales-Service.\u00a0 Wir setzen auf die Verwendung umweltfreundlicher Materialien, die f\u00fcr den Menschen giftiges Blei, Quecksilber, Chrom, Cadium und sechswertiges Chrom ausschlie\u00dfen.\u00a0 Alle Kunststoffmaterialien wie Platine, Schaltkasten, T\u00fcrrahmen und Fu\u00dfmatte m\u00fcssen von SGS gepr\u00fcft werden. Wir haben strenge Anforderungen an Materialien, um sichere und qualifizierte Produkte zu erhalten.\u00a0 Die EDRY-Fabrik ist international zertifiziert. Das Betriebsverfahren folgt der ISO 9001- und CE-Zertifizierung.<\/p>\n<p style=\"font-weight: 400;\"><u>Das l\u00e4ngste Komponentenleben der Welt<\/u><\/p>\n<p style=\"font-weight: 400;\">Unsere Komponenten haben eine lange Lebensdauer von \u00fcber 20 Jahren.\u00a0 Viele Kunden nutzen unsere Produkte seit 15 Jahren ohne Reklamation \/ Reparaturen. Sie empfehlen unsere Produkte immer noch anderen Freunden.<\/p>\n<p>[\/vc_column_text][\/vc_column][\/vc_row]<\/p>\n","protected":false},"excerpt":{"rendered":"<p>[vc_row full_width=&#8220;stretch_row&#8220; el_class=&#8220;catalog_block catalog_block_inner&#8220;][vc_column][vc_column_text][\/vc_column_text][\/vc_column][\/vc_row][vc_row][vc_column][vc_column_text] Die Firma LabVector GmbH ist exklusiver Distributor von Trockenschr\u00e4nken der Weltmarke EDRY.\u00a0 Als professionelles Unternehmen f\u00fcr Anti-Feuchtigkeitsprodukte wurde EDRY 1987 gegr\u00fcndet und verf\u00fcgt \u00fcber 30 Jahre Produktionserfahrung.\u00a0 Unser Unternehmen basiert auf Professionalit\u00e4t, Verantwortung und Vertrauen.\u00a0 Wir streben danach, weltweit das h\u00f6chste Niveau zu erreichen.\u00a0 Wir dienen unseren Kunden mit Dankbarkeit, indem [&hellip;]<\/p>\n","protected":false},"author":3,"featured_media":0,"parent":12,"menu_order":0,"comment_status":"closed","ping_status":"closed","template":"","meta":{"footnotes":""},"class_list":["post-73","page","type-page","status-publish","hentry"],"translation":{"provider":"WPGlobus","version":"3.0.2","language":"de","enabled_languages":["en","de"],"languages":{"en":{"title":true,"content":true,"excerpt":false},"de":{"title":true,"content":true,"excerpt":false}}},"aioseo_notices":[],"_links":{"self":[{"href":"https:\/\/labvector.de\/de\/wp-json\/wp\/v2\/pages\/73","targetHints":{"allow":["GET"]}}],"collection":[{"href":"https:\/\/labvector.de\/de\/wp-json\/wp\/v2\/pages"}],"about":[{"href":"https:\/\/labvector.de\/de\/wp-json\/wp\/v2\/types\/page"}],"author":[{"embeddable":true,"href":"https:\/\/labvector.de\/de\/wp-json\/wp\/v2\/users\/3"}],"replies":[{"embeddable":true,"href":"https:\/\/labvector.de\/de\/wp-json\/wp\/v2\/comments?post=73"}],"version-history":[{"count":13,"href":"https:\/\/labvector.de\/de\/wp-json\/wp\/v2\/pages\/73\/revisions"}],"predecessor-version":[{"id":486,"href":"https:\/\/labvector.de\/de\/wp-json\/wp\/v2\/pages\/73\/revisions\/486"}],"up":[{"embeddable":true,"href":"https:\/\/labvector.de\/de\/wp-json\/wp\/v2\/pages\/12"}],"wp:attachment":[{"href":"https:\/\/labvector.de\/de\/wp-json\/wp\/v2\/media?parent=73"}],"curies":[{"name":"wp","href":"https:\/\/api.w.org\/{rel}","templated":true}]}}