{"id":592,"date":"2023-03-25T01:11:36","date_gmt":"2023-03-25T00:11:36","guid":{"rendered":"https:\/\/labvector.de\/?page_id=592"},"modified":"2023-03-25T21:47:54","modified_gmt":"2023-03-25T20:47:54","slug":"labvector-vpure-gas-purification-systems","status":"publish","type":"page","link":"https:\/\/labvector.de\/de\/products\/labvector-vpure-gas-purification-systems\/","title":{"rendered":"LabVECTOR VPURE-Gasreinigungssysteme"},"content":{"rendered":"<p>[vc_row][vc_column width=&#8220;3\/4&#8243;][vc_column_text el_class=&#8220;text_justify&#8220;]LabVECTOR VPURE-Gasreinigungssysteme sind f\u00fcr die Reinigung von Inertengasen(Stickstoff, Argon, Helium) in Handschuhk\u00e4sten und \u00e4hnlichen Einrichtungen (Titan-Schwei\u00dfkammern, SLM-3D-Drucker) von Spuren von Sauerstoff und Feuchtigkeit auf Werte von weniger als 1 ppm ausgelegt. Optional kann eine Einheit zur Entfernung von organischen L\u00f6sungsmitteld\u00e4mpfen enthalten sein. VPURE-Systeme verwenden eine regenerierbare kombinierte Chemisorptionsreinigungsmethode mit versiegelten Absorptionss\u00e4ulen Die Regeneration ist vollautomatisch. Beim Betrieb mit einem Handschuhkasten f\u00fchrt das VPURE- System auch die folgenden Funktionen aus: Messung der Sauerstoffkonzentration, Messung der Wasserdampfkonzentration, Steuerung des Drucks im Kasten, Steuerung des Beleuchtungssystems des Kastens, Steuerung des Betriebs des Tores (wenn das Tor mit elektromagnetischen oder elektropneumatischen Ventilen ausgestattet ist), Steuerung der thermischen Vakuumbehandlung im Tor. VPURE-Gasreinigungssysteme wurden von LabVECTOR entwickelt und werden in Hamburg unter Verwendung hochwertiger Materialien und Komponenten f\u00fchrender globaler Hersteller hergestellt.[\/vc_column_text][vc_column_text]<\/p>\n<h2>Hauptanwendungsgebiete von VPURE-Gasreinigungssystemen:<\/h2>\n<p>[\/vc_column_text][vc_column_text el_class=&#8220;text_justify&#8220;]<\/p>\n<ol>\n<li>Arbeiten mit Lithium, Natrium und chemischen Stromquellen in Handschuhk\u00e4sten.<\/li>\n<li>Arbeiten mit organometallischen Substanzen.<\/li>\n<li>Verpackung, Experimente mit hygroskopischen Substanzen: Salzen, Alkalien, Hydriden usw.<\/li>\n<li>Kammern zum Schwei\u00dfen von Titanlegierungen.<\/li>\n<li>3D-Druck-Einrichtungen mit Metallpulvern.<\/li>\n<\/ol>\n<p>[\/vc_column_text][\/vc_column][vc_column width=&#8220;1\/4&#8243;][vc_column_text css=&#8220;.vc_custom_1679704636757{margin-top: -35px !important;}&#8220;]<\/p>\n<table style=\"width: 250px;\" cellspacing=\"0\" cellpadding=\"0\" align=\"right\">\n<tbody>\n<tr style=\"border: 0;\">\n<td style=\"border: 0;\"><a href=\"https:\/\/labvector.de\/wp-content\/uploads\/2023\/03\/DSCF8123_labvector.jpg\" data-lightbox=\"image\"><img loading=\"lazy\" decoding=\"async\" title=\"Gas purification systems VPURE\" src=\"https:\/\/labvector.de\/wp-content\/uploads\/2023\/03\/DSCF8123_labvector.jpg\" alt=\"Gasreinigungssysteme VPURE\" width=\"230\" height=\"220\" \/><\/a><\/td>\n<\/tr>\n<tr style=\"border: 0;\">\n<td style=\"border: 0; color: #595959; text-align: center;\">Gasreinigungssysteme VPURE<\/td>\n<\/tr>\n<tr style=\"border: 0;\">\n<td style=\"border: 0;\"><a href=\"https:\/\/labvector.de\/wp-content\/uploads\/2023\/03\/DSCF8351_labvector.jpg\" data-lightbox=\"image\"><img loading=\"lazy\" decoding=\"async\" title=\"Glovebox series VBOX PRO with gas purification system VPURE 110\" src=\"https:\/\/labvector.de\/wp-content\/uploads\/2023\/03\/DSCF8351_labvector.jpg\" alt=\"Glovebox der Serie VBOX PRO mit Gasreinigungssystem VPURE 110\" width=\"230\" height=\"228\" \/><\/a><\/td>\n<\/tr>\n<tr style=\"border: 0;\">\n<td style=\"border: 0; color: #595959; text-align: center;\">Glovebox der Serie VBOX PRO<br \/>\nmit Gasreinigungssystem VPURE 110<\/td>\n<\/tr>\n<\/tbody>\n<\/table>\n<p>[\/vc_column_text][\/vc_column][\/vc_row][vc_row][vc_column][vc_column_text]<\/p>\n<h2>Merkmale und Vorteile:<\/h2>\n<p>[\/vc_column_text][vc_column_text el_class=&#8220;text_justify&#8220;]<\/p>\n<ol>\n<li>Die gr\u00f6\u00dfte Kapazit\u00e4t und der gr\u00f6\u00dfte Absorptionsvolumen f\u00fcr Sauerstoff und Feuchtigkeit im Vergleich zu \u00e4hnlichen Modellen auf dem Markt.<\/li>\n<li>Patentiertes Design des Absorptionsbeh\u00e4lters mit U-f\u00f6rmiger Gasstr\u00f6mung, das bei jedem Pumpzyklus eine h\u00f6here Gasreinigung im Vergleich zu anderen Modellen gew\u00e4hrleistet.<\/li>\n<li>Patentiertes Verfahren f\u00fcr den Zyklus der Regeneration, das im Vergleich zu anderen Modellen eine h\u00f6here Regenerationsrate der Absorptionsbeh\u00e4lter erm\u00f6glicht.<\/li>\n<li>Jeder Absorptionsbeh\u00e4lter ist mit vier unabh\u00e4ngigen Heizelementen ausgestattet, was eine hohe Ausfallsicherheit gew\u00e4hrleistet.<\/li>\n<li>Zwei unabh\u00e4ngige Temperatursensoren an jeder Kolonne.<\/li>\n<li>Bei Systemen bis VPURE 220 werden ausschlie\u00dflich vollst\u00e4ndig elektromagnetische Ventile verwendet (kein Bedarf an Druckluft oder Inertgasentnahme), bei Systemen ab VPURE 230 werden elektropneumatische Ventile verwendet.<\/li>\n<li>Regelalgorithmus f\u00fcr die Drehzahl des Gebl\u00e4ses mit R\u00fcckkopplung zur Sauerstoff- und Wasserdampfkonzentration, was den Stromverbrauch und den L\u00e4rmpegel bei geringer Gasabgabe im Inneren des Geh\u00e4uses reduziert.<\/li>\n<li>Einfaches Benutzermen\u00fc in englischer und deutscher Sprache, maximale Automatisierung der Prozesse.<\/li>\n<li>Anzeige von Diagrammen f\u00fcr Konzentration, Temperatur und Druck auf dem Bildschirm.<\/li>\n<li>Der mobile Steuerungsmodul mit Touchscreen kann an einem bequemen Ort installiert werden.<\/li>\n<li>Automatisches Starten des Systems nach Stromausf\u00e4llen (bei Wiederherstellung der Stromversorgung wird die Anlage im zuvor festgelegten Modus weiterarbeiten).<\/li>\n<li>Das Druckregelsystem im zu reinigenden Volumen ist w\u00e4hrend der Regeneration aktiv.<\/li>\n<li>Breite M\u00f6glichkeiten zur Anpassung an die Eigenschaften der kundenseitig verbundenen Ausr\u00fcstung (durch Ingenieure von LabVECTOR durchgef\u00fchrt).<\/li>\n<li>Modulare Konstruktion, Bestellung von Ausstattungen, die f\u00fcr eine bestimmte Aufgabe erforderlich sind, und M\u00f6glichkeit zur Nachr\u00fcstung mit Optionen.<\/li>\n<li>Schnelle Lieferung, f\u00fcr das Modell VPURE 110 ab 12 Wochen (abh\u00e4ngig von der Ausstattung).<\/li>\n<\/ol>\n<p>Es gibt verschiedene Ausstattungsoptionen zur Bestellung, einschlie\u00dflich Sauerstoff- und Feuchtigkeits-Analysatoren, Gas-K\u00fchler und anderem Zubeh\u00f6r.[\/vc_column_text][\/vc_column][\/vc_row][vc_row][vc_column][vc_column_text]<\/p>\n<h2>Funktionen des VPURE-Steuerungssystems:<\/h2>\n<p>[\/vc_column_text][\/vc_column][\/vc_row][vc_row][vc_column width=&#8220;3\/4&#8243;][vc_column_text el_class=&#8220;text_justify&#8220;]<\/p>\n<ol>\n<li>Automatische Steuerung des Gasreinigungszyklus in der Handschuhbox.<\/li>\n<li>Automatische Regeneration von Sauerstoff- und Feuchtigkeitsabsorbern.<\/li>\n<li>Drucksteuerung in der Box.<\/li>\n<li>Automatischer Gasaustausch im Schleusenbereich (f\u00fcr Schleusen mit elektromagnetischen oder elektropneumatischen Ventilen).<\/li>\n<li>Verarbeitung und Anzeige von Gasanalysatordaten f\u00fcr Sauerstoff, Feuchtigkeit (Unterst\u00fctzung von Sorptionskapazit\u00e4ts- und Coulometriedetektoren) und organischen L\u00f6sungsmitteld\u00e4mpfen.<\/li>\n<li>Steuerung von W\u00e4rmevakuumbehandlungszyklen in Schleusen, die diese Funktion haben.<\/li>\n<li>Automatisches Vorblasen der Box vor dem Einschalten des Gasreinigungssystems.<\/li>\n<li>Protokollierung und Anzeige von Umgebungsparametern in der Box als Diagramme.<\/li>\n<li>Fernsteuerung der Handschuhbox (bei Bestellung der entsprechenden Option).<\/li>\n<li>Steuerung der Beleuchtung in der Box.<\/li>\n<\/ol>\n<p>In allen Modifikationen der VPURE-Serie von Gasreinigungssystemen werden hochwertige Katalysatoren und Molekularsiebe der deutschen Firma BASF sowie Sauerstoffkonzentrationsmesssysteme von Southland Sensing (USA) und langlebige Vakuumpumpen verwendet.[\/vc_column_text][\/vc_column][vc_column width=&#8220;1\/4&#8243;][vc_column_text css=&#8220;.vc_custom_1679777272505{margin-top: -25px !important;}&#8220;]<\/p>\n<table style=\"width: 200px;\" cellspacing=\"0\" cellpadding=\"0\" align=\"right\">\n<tbody>\n<tr style=\"border: 0;\">\n<td style=\"border: 0;\"><a href=\"https:\/\/labvector.de\/wp-content\/uploads\/2023\/03\/mobile_LabVector.jpg\" data-lightbox=\"image\"><img loading=\"lazy\" decoding=\"async\" title=\"Control module with touchscreen display\" src=\"https:\/\/labvector.de\/wp-content\/uploads\/2023\/03\/mobile_LabVector.jpg\" alt=\"Steuerungsmodul mit Touchscreen\" width=\"180\" height=\"248\" \/><\/a><\/td>\n<\/tr>\n<tr style=\"border: 0;\">\n<td style=\"border: 0; color: #595959; text-align: center;\">Steuerungsmodul<br \/>\nmit Touchscreen<\/td>\n<\/tr>\n<tr style=\"border: 0;\">\n<td style=\"border: 0;\"><a href=\"https:\/\/labvector.de\/wp-content\/uploads\/2023\/03\/\u0421\u0422069_1_labvector.jpg\" data-lightbox=\"image\"><img loading=\"lazy\" decoding=\"async\" title=\"Gas purification systems LabVECTOR VPURE\" src=\"https:\/\/labvector.de\/wp-content\/uploads\/2023\/03\/\u0421\u0422069_1_labvector.jpg\" alt=\"Gasreinigungssysteme LabVECTOR VPURE\" width=\"230\" height=\"175\" \/><\/a><\/td>\n<\/tr>\n<tr style=\"border: 0;\">\n<td style=\"border: 0; color: #595959; text-align: center;\" valign=\"top\">Gasreinigungssysteme LabVECTOR VPURE<\/td>\n<\/tr>\n<\/tbody>\n<\/table>\n<p>[\/vc_column_text][\/vc_column][\/vc_row][vc_row][vc_column][vc_column_text]<\/p>\n<h2>Technische Spezifikationen<\/h2>\n<p>[\/vc_column_text][vc_column_text el_class=&#8220;table_block text_justify&#8220;]<\/p>\n<table width=\"100%\">\n<tbody>\n<tr>\n<td style=\"text-align: center;\">Modell<\/td>\n<td style=\"text-align: center;\" width=\"27%\">VPURE 110<\/td>\n<td style=\"text-align: center;\" width=\"27%\">VPURE 210<\/td>\n<\/tr>\n<tr>\n<td style=\"text-align: center;\">Anzahl der S\u00e4ulen, Stk.<\/td>\n<td style=\"text-align: center;\">1<\/td>\n<td style=\"text-align: center;\">2<\/td>\n<\/tr>\n<tr>\n<td style=\"text-align: center;\">Maximales Reinigungsvolumen, m3<\/td>\n<td style=\"text-align: center;\">4<\/td>\n<td style=\"text-align: center;\">5<\/td>\n<\/tr>\n<tr>\n<td style=\"text-align: center;\">Wasserdampfkapazit\u00e4t, kg<\/td>\n<td style=\"text-align: center;\">2<\/td>\n<td style=\"text-align: center;\">4<\/td>\n<\/tr>\n<tr>\n<td style=\"text-align: center;\">Sauerstoffkapazit\u00e4t, L<\/td>\n<td style=\"text-align: center;\">45<\/td>\n<td style=\"text-align: center;\">90<\/td>\n<\/tr>\n<tr>\n<td style=\"text-align: center;\">Flanschanschluss<\/td>\n<td style=\"text-align: center;\">KF40<\/td>\n<td style=\"text-align: center;\">KF40<\/td>\n<\/tr>\n<tr>\n<td style=\"text-align: center;\">Leistung der Zirkulationssystem, m3\/h<\/td>\n<td style=\"text-align: center;\">50<\/td>\n<td style=\"text-align: center;\">80<\/td>\n<\/tr>\n<tr>\n<td style=\"text-align: center;\">Vakuumpumpengeschwindigkeit, L\/min<\/td>\n<td style=\"text-align: center;\">165<\/td>\n<td style=\"text-align: center;\">240<\/td>\n<\/tr>\n<tr>\n<td style=\"text-align: center;\">Abmessungen, BxTxH, mm<\/td>\n<td style=\"text-align: center;\">750\u0445660\u0445690<\/td>\n<td style=\"text-align: center;\">1050\u0445690\u0445770<\/td>\n<\/tr>\n<tr>\n<td style=\"text-align: center;\">Gewicht, kg<\/td>\n<td style=\"text-align: center;\">102<\/td>\n<td style=\"text-align: center;\">155<\/td>\n<\/tr>\n<\/tbody>\n<\/table>\n<p>&nbsp;<\/p>\n<table width=\"100%\">\n<tbody>\n<tr>\n<td style=\"text-align: center;\">Modell<\/td>\n<td style=\"text-align: center;\" width=\"27%\">VPURE 120<\/td>\n<td style=\"text-align: center;\" width=\"27%\">VPURE 220<\/td>\n<\/tr>\n<tr>\n<td style=\"text-align: center;\">Anzahl der S\u00e4ulen, Stk.<\/td>\n<td style=\"text-align: center;\">1<\/td>\n<td style=\"text-align: center;\">2<\/td>\n<\/tr>\n<tr>\n<td style=\"text-align: center;\">Maximales Reinigungsvolumen, m3<\/td>\n<td style=\"text-align: center;\">6<\/td>\n<td style=\"text-align: center;\">6<\/td>\n<\/tr>\n<tr>\n<td style=\"text-align: center;\">Wasserdampfkapazit\u00e4t, kg<\/td>\n<td style=\"text-align: center;\">2<\/td>\n<td style=\"text-align: center;\">4<\/td>\n<\/tr>\n<tr>\n<td style=\"text-align: center;\">Sauerstoffkapazit\u00e4t, L<\/td>\n<td style=\"text-align: center;\">60<\/td>\n<td style=\"text-align: center;\">12<\/td>\n<\/tr>\n<tr>\n<td style=\"text-align: center;\">Flanschanschluss<\/td>\n<td style=\"text-align: center;\">KF40<\/td>\n<td style=\"text-align: center;\">KF40<\/td>\n<\/tr>\n<tr>\n<td style=\"text-align: center;\">Leistung der Zirkulationssystem, m3\/h<\/td>\n<td style=\"text-align: center;\">100<\/td>\n<td style=\"text-align: center;\">100<\/td>\n<\/tr>\n<tr>\n<td style=\"text-align: center;\">Vakuumpumpengeschwindigkeit, L\/min<\/td>\n<td style=\"text-align: center;\">240<\/td>\n<td style=\"text-align: center;\">240<\/td>\n<\/tr>\n<tr>\n<td style=\"text-align: center;\">Abmessungen, BxTxH, mm<\/td>\n<td style=\"text-align: center;\">855\u0445690\u0445770<\/td>\n<td style=\"text-align: center;\">900\u0445800\u0445770<\/td>\n<\/tr>\n<tr>\n<td style=\"text-align: center;\">Gewicht, kg<\/td>\n<td style=\"text-align: center;\">165<\/td>\n<td style=\"text-align: center;\">225<\/td>\n<\/tr>\n<\/tbody>\n<\/table>\n<p>&nbsp;<\/p>\n<table width=\"100%\">\n<tbody>\n<tr>\n<td style=\"text-align: center;\">Modell<\/td>\n<td style=\"text-align: center;\" width=\"27%\">VPURE 230<\/td>\n<td style=\"text-align: center;\" width=\"27%\">VPURE 240<\/td>\n<\/tr>\n<tr>\n<td style=\"text-align: center;\">Anzahl der S\u00e4ulen, Stk.<\/td>\n<td style=\"text-align: center;\">2<\/td>\n<td style=\"text-align: center;\">2<\/td>\n<\/tr>\n<tr>\n<td style=\"text-align: center;\">Maximales Reinigungsvolumen, m3<\/td>\n<td style=\"text-align: center;\">15<\/td>\n<td style=\"text-align: center;\">30<\/td>\n<\/tr>\n<tr>\n<td style=\"text-align: center;\">Wasserdampfkapazit\u00e4t, kg<\/td>\n<td style=\"text-align: center;\">5<\/td>\n<td style=\"text-align: center;\">8<\/td>\n<\/tr>\n<tr>\n<td style=\"text-align: center;\">Sauerstoffkapazit\u00e4t, L<\/td>\n<td style=\"text-align: center;\">170<\/td>\n<td style=\"text-align: center;\">210<\/td>\n<\/tr>\n<tr>\n<td style=\"text-align: center;\">Flanschanschluss<\/td>\n<td style=\"text-align: center;\">ISO-K 63<\/td>\n<td style=\"text-align: center;\">ISO-K 63<\/td>\n<\/tr>\n<tr>\n<td style=\"text-align: center;\">Leistung der Zirkulationssystem, m3\/h<\/td>\n<td style=\"text-align: center;\">150<\/td>\n<td style=\"text-align: center;\">200<\/td>\n<\/tr>\n<tr>\n<td style=\"text-align: center;\">Vakuumpumpengeschwindigkeit, L\/min<\/td>\n<td style=\"text-align: center;\">330<\/td>\n<td style=\"text-align: center;\">330<\/td>\n<\/tr>\n<tr>\n<td style=\"text-align: center;\">Abmessungen, BxTxH, mm<\/td>\n<td style=\"text-align: center;\">1250\u04451000\u04451600<\/td>\n<td style=\"text-align: center;\">1250\u04451250\u04451600<\/td>\n<\/tr>\n<tr>\n<td style=\"text-align: center;\">Gewicht, kg<\/td>\n<td style=\"text-align: center;\">290<\/td>\n<td style=\"text-align: center;\">460<\/td>\n<\/tr>\n<\/tbody>\n<\/table>\n<p>&nbsp;<\/p>\n<table width=\"100%\">\n<tbody>\n<tr>\n<td style=\"text-align: center;\">Modell<\/td>\n<td style=\"text-align: center;\" width=\"27%\">VPURE 470<\/td>\n<td style=\"text-align: center;\" width=\"27%\">VPURE 670<\/td>\n<\/tr>\n<tr>\n<td style=\"text-align: center;\">Anzahl der S\u00e4ulen, Stk.<\/td>\n<td style=\"text-align: center;\">4<\/td>\n<td style=\"text-align: center;\">6<\/td>\n<\/tr>\n<tr>\n<td style=\"text-align: center;\">Maximales Reinigungsvolumen, m3<\/td>\n<td style=\"text-align: center;\">50<\/td>\n<td style=\"text-align: center;\">60<\/td>\n<\/tr>\n<tr>\n<td style=\"text-align: center;\">Wasserdampfkapazit\u00e4t, kg<\/td>\n<td style=\"text-align: center;\">12<\/td>\n<td style=\"text-align: center;\">18<\/td>\n<\/tr>\n<tr>\n<td style=\"text-align: center;\">Sauerstoffkapazit\u00e4t, L<\/td>\n<td style=\"text-align: center;\">260<\/td>\n<td style=\"text-align: center;\">540<\/td>\n<\/tr>\n<tr>\n<td style=\"text-align: center;\">Flanschanschluss<\/td>\n<td style=\"text-align: center;\">ISO-K 63<\/td>\n<td style=\"text-align: center;\">ISO-K 100<\/td>\n<\/tr>\n<tr>\n<td style=\"text-align: center;\">Leistung der Zirkulationssystem, m3\/h<\/td>\n<td style=\"text-align: center;\">200<\/td>\n<td style=\"text-align: center;\">300<\/td>\n<\/tr>\n<tr>\n<td style=\"text-align: center;\">Vakuumpumpengeschwindigkeit, L\/min<\/td>\n<td style=\"text-align: center;\">500<\/td>\n<td style=\"text-align: center;\">500<\/td>\n<\/tr>\n<tr>\n<td style=\"text-align: center;\">Abmessungen, BxTxH, mm<\/td>\n<td style=\"text-align: center;\">2500\u04451250\u04451700<\/td>\n<td style=\"text-align: center;\">3900\u04451250\u04451700<\/td>\n<\/tr>\n<tr>\n<td style=\"text-align: center;\">Gewicht, kg<\/td>\n<td style=\"text-align: center;\">1450<\/td>\n<td style=\"text-align: center;\">2350<\/td>\n<\/tr>\n<\/tbody>\n<\/table>\n<p>Die VBOX-Handschuhk\u00e4sten und Gasreinigungssysteme VPURE von LabVector werden von f\u00fchrenden<br \/>\nForschungsinstituten und hochtechnologischen Industrieunternehmen im In- und Ausland eingesetzt. F\u00fcr weitere Informationen wenden Sie sich bitte an die Vertriebs- und technische Support-Abteilung von LabVector.[\/vc_column_text][\/vc_column][\/vc_row][vc_row][vc_column][vc_single_image image=&#8220;584&#8243; img_size=&#8220;0x0&#8243; onclick=&#8220;link_image&#8220; el_class=&#8220;notatdisplay&#8220;][\/vc_column][\/vc_row]<\/p>\n","protected":false},"excerpt":{"rendered":"<p>[vc_row][vc_column width=&#8220;3\/4&#8243;][vc_column_text el_class=&#8220;text_justify&#8220;]LabVECTOR VPURE-Gasreinigungssysteme sind f\u00fcr die Reinigung von Inertengasen(Stickstoff, Argon, Helium) in Handschuhk\u00e4sten und \u00e4hnlichen Einrichtungen (Titan-Schwei\u00dfkammern, SLM-3D-Drucker) von Spuren von Sauerstoff und Feuchtigkeit auf Werte von weniger als 1 ppm ausgelegt. Optional kann eine Einheit zur Entfernung von organischen L\u00f6sungsmitteld\u00e4mpfen enthalten sein. VPURE-Systeme verwenden eine regenerierbare kombinierte Chemisorptionsreinigungsmethode mit versiegelten Absorptionss\u00e4ulen Die Regeneration [&hellip;]<\/p>\n","protected":false},"author":3,"featured_media":0,"parent":12,"menu_order":0,"comment_status":"closed","ping_status":"closed","template":"","meta":{"footnotes":""},"class_list":["post-592","page","type-page","status-publish","hentry"],"translation":{"provider":"WPGlobus","version":"3.0.2","language":"de","enabled_languages":["en","de"],"languages":{"en":{"title":true,"content":true,"excerpt":false},"de":{"title":true,"content":true,"excerpt":false}}},"aioseo_notices":[],"_links":{"self":[{"href":"https:\/\/labvector.de\/de\/wp-json\/wp\/v2\/pages\/592","targetHints":{"allow":["GET"]}}],"collection":[{"href":"https:\/\/labvector.de\/de\/wp-json\/wp\/v2\/pages"}],"about":[{"href":"https:\/\/labvector.de\/de\/wp-json\/wp\/v2\/types\/page"}],"author":[{"embeddable":true,"href":"https:\/\/labvector.de\/de\/wp-json\/wp\/v2\/users\/3"}],"replies":[{"embeddable":true,"href":"https:\/\/labvector.de\/de\/wp-json\/wp\/v2\/comments?post=592"}],"version-history":[{"count":13,"href":"https:\/\/labvector.de\/de\/wp-json\/wp\/v2\/pages\/592\/revisions"}],"predecessor-version":[{"id":610,"href":"https:\/\/labvector.de\/de\/wp-json\/wp\/v2\/pages\/592\/revisions\/610"}],"up":[{"embeddable":true,"href":"https:\/\/labvector.de\/de\/wp-json\/wp\/v2\/pages\/12"}],"wp:attachment":[{"href":"https:\/\/labvector.de\/de\/wp-json\/wp\/v2\/media?parent=592"}],"curies":[{"name":"wp","href":"https:\/\/api.w.org\/{rel}","templated":true}]}}