{"id":357,"date":"2022-12-30T04:07:36","date_gmt":"2022-12-30T04:07:36","guid":{"rendered":"http:\/\/labvector.de\/?page_id=357"},"modified":"2023-02-16T14:02:05","modified_gmt":"2023-02-16T13:02:05","slug":"precision-dispensing-peristaltic-pumps","status":"publish","type":"page","link":"https:\/\/labvector.de\/de\/products\/peristaltic-pumps\/precision-dispensing-peristaltic-pumps\/","title":{"rendered":"Pr\u00e4zisions-Dosier- Peristaltikpumpen"},"content":{"rendered":"<p>[vc_row][vc_column][vc_column_text]<\/p>\n<h4 class=\"uk-article-title\">Price 3052\u20ac<\/h4>\n<h2>Funktionen<\/h2>\n<ul>\n<li>Servomotorantrieb, hohe Pr\u00e4zision, pulsationsarme Peristaltikpumpe.<\/li>\n<li>Der pulsationsarme Pumpenkopf ist speziell f\u00fcr eine hochpr\u00e4zise Bef\u00fcllung. Durch die Phasendifferenz zwischen den beiden Walzens\u00e4tzen werden die Fl\u00fcssigkeitsspitzen und -t\u00e4ler komplement\u00e4r gestaltet und dann die Pulsation der Fl\u00fcssigkeit reduziert.<\/li>\n<li>Adaptiver Druckschlauchraum, verl\u00e4ngern die Lebensdauer der Schl\u00e4uche effektiv.<\/li>\n<li>Erreichen einer hochpr\u00e4zisen Dosierung der Mikrodurchflussrate.<\/li>\n<li>Neuer Durchflussmodus, kann f\u00fcr kontinuierliche \u00dcbertragung verwendet werden.<\/li>\n<\/ul>\n<p>[\/vc_column_text][\/vc_column][\/vc_row][vc_row][vc_column][vc_single_image image=&#8220;359&#8243; img_size=&#8220;500&#215;426&#8243; onclick=&#8220;link_image&#8220;][\/vc_column][\/vc_row][vc_row][vc_column][vc_column_text el_class=&#8220;table_block&#8220;]<\/p>\n<h2>Produktzusammensetzung und Durchflussbereich<\/h2>\n<table>\n<tbody>\n<tr>\n<td style=\"text-align: left;\" width=\"208\">Antrieb<\/td>\n<td style=\"text-align: left;\" colspan=\"2\" width=\"415\">IF3<\/td>\n<\/tr>\n<tr>\n<td style=\"text-align: left;\" width=\"208\">Motortyp<\/td>\n<td style=\"text-align: left;\" colspan=\"2\" width=\"415\">Schrittmotor mit geschlossenem Regelkreis<\/td>\n<\/tr>\n<tr>\n<td style=\"text-align: left;\" width=\"208\">Pumpenkopf<\/td>\n<td style=\"text-align: left;\" width=\"208\">DY15<\/td>\n<td style=\"text-align: left;\" width=\"208\">DY25<\/td>\n<\/tr>\n<tr>\n<td style=\"text-align: left;\" width=\"208\">Schl\u00e4uche<\/td>\n<td style=\"text-align: left;\" width=\"208\">13\u201d, 14\u201d, 19\u201d, 16\u201d, 25\u201d, 17\u201d, 18\u201d<\/td>\n<td style=\"text-align: left;\" width=\"208\">15\u201d, 24\u201d, 35\u201d, 36\u201d,<\/td>\n<\/tr>\n<tr>\n<td style=\"text-align: left;\" width=\"208\">Drehzahlbereich (U\/min)<\/td>\n<td style=\"text-align: left;\" colspan=\"2\" width=\"415\">0,1-350<\/td>\n<\/tr>\n<tr>\n<td style=\"text-align: left;\" width=\"208\">Durchflussrate (ml\/min)<\/td>\n<td style=\"text-align: left;\" width=\"208\">0,01~3337<\/td>\n<td style=\"text-align: left;\" width=\"208\">0,42~4340<\/td>\n<\/tr>\n<\/tbody>\n<\/table>\n<p>[\/vc_column_text][\/vc_column][\/vc_row][vc_row][vc_column][vc_single_image image=&#8220;358&#8243; img_size=&#8220;600&#215;321&#8243; onclick=&#8220;link_image&#8220;][\/vc_column][\/vc_row]<\/p>\n","protected":false},"excerpt":{"rendered":"<p>[vc_row][vc_column][vc_column_text] Price 3052\u20ac Funktionen Servomotorantrieb, hohe Pr\u00e4zision, pulsationsarme Peristaltikpumpe. Der pulsationsarme Pumpenkopf ist speziell f\u00fcr eine hochpr\u00e4zise Bef\u00fcllung. Durch die Phasendifferenz zwischen den beiden Walzens\u00e4tzen werden die Fl\u00fcssigkeitsspitzen und -t\u00e4ler komplement\u00e4r gestaltet und dann die Pulsation der Fl\u00fcssigkeit reduziert. Adaptiver Druckschlauchraum, verl\u00e4ngern die Lebensdauer der Schl\u00e4uche effektiv. Erreichen einer hochpr\u00e4zisen Dosierung der Mikrodurchflussrate. Neuer Durchflussmodus, [&hellip;]<\/p>\n","protected":false},"author":3,"featured_media":0,"parent":59,"menu_order":0,"comment_status":"closed","ping_status":"closed","template":"","meta":{"footnotes":""},"class_list":["post-357","page","type-page","status-publish","hentry"],"translation":{"provider":"WPGlobus","version":"3.0.2","language":"de","enabled_languages":["en","de"],"languages":{"en":{"title":true,"content":true,"excerpt":false},"de":{"title":true,"content":true,"excerpt":false}}},"aioseo_notices":[],"_links":{"self":[{"href":"https:\/\/labvector.de\/de\/wp-json\/wp\/v2\/pages\/357","targetHints":{"allow":["GET"]}}],"collection":[{"href":"https:\/\/labvector.de\/de\/wp-json\/wp\/v2\/pages"}],"about":[{"href":"https:\/\/labvector.de\/de\/wp-json\/wp\/v2\/types\/page"}],"author":[{"embeddable":true,"href":"https:\/\/labvector.de\/de\/wp-json\/wp\/v2\/users\/3"}],"replies":[{"embeddable":true,"href":"https:\/\/labvector.de\/de\/wp-json\/wp\/v2\/comments?post=357"}],"version-history":[{"count":7,"href":"https:\/\/labvector.de\/de\/wp-json\/wp\/v2\/pages\/357\/revisions"}],"predecessor-version":[{"id":480,"href":"https:\/\/labvector.de\/de\/wp-json\/wp\/v2\/pages\/357\/revisions\/480"}],"up":[{"embeddable":true,"href":"https:\/\/labvector.de\/de\/wp-json\/wp\/v2\/pages\/59"}],"wp:attachment":[{"href":"https:\/\/labvector.de\/de\/wp-json\/wp\/v2\/media?parent=357"}],"curies":[{"name":"wp","href":"https:\/\/api.w.org\/{rel}","templated":true}]}}