{"id":352,"date":"2022-12-30T03:36:34","date_gmt":"2022-12-30T03:36:34","guid":{"rendered":"http:\/\/labvector.de\/?page_id=352"},"modified":"2023-02-16T13:55:46","modified_gmt":"2023-02-16T12:55:46","slug":"industrial-dispensing-peristaltic-pumps","status":"publish","type":"page","link":"https:\/\/labvector.de\/de\/products\/peristaltic-pumps\/industrial-dispensing-peristaltic-pumps\/","title":{"rendered":"Industrielle Dosier- Peristaltikpumpen"},"content":{"rendered":"<p>[vc_row][vc_column][vc_column_text]<\/p>\n<h3 class=\"uk-article-title\">Price from 1570\u20ac to 3508\u20ac depending on model and configuration<\/h3>\n<h2>Funktionen<\/h2>\n<ul>\n<li>Geeignet f\u00fcr gro\u00dfe Durchflussrate, hohe Effizienz, hochpr\u00e4zise F\u00fcllung.<\/li>\n<li>Geschlossener Schrittmotorantrieb, genaue Steuerung, starke Antriebskraft.<\/li>\n<li>304 Edelstahl-Treibergeh\u00e4use kann die Abf\u00fclllinie unterst\u00fctzen.<\/li>\n<li>Zwei Arbeitsmodi: Voleme-Dosierung und Speed-Dispensing (speziell f\u00fcr viskose Fl\u00fcssigkeitsf\u00fcllung).<\/li>\n<\/ul>\n<p>[\/vc_column_text][\/vc_column][\/vc_row][vc_row][vc_column][vc_single_image image=&#8220;353&#8243; img_size=&#8220;800&#215;433&#8243; onclick=&#8220;link_image&#8220;][\/vc_column][\/vc_row][vc_row][vc_column][vc_column_text]<\/p>\n<h2>Modellnummer<\/h2>\n<p>F6-3L\/EasyPump\u00a0 \u00a0 1570\u20ac<br \/>\nF6-3L\/DZ25-3L\u00a0 \u00a0 \u00a0 \u00a01745-1777\u20ac<br \/>\nF6-6L\/DZ25-6L\u00a0 \u00a0 \u00a0 \u00a01775-1901\u20ac<br \/>\nF6-12L\/Yz35\u00a0 \u00a0 \u00a0 \u00a0 \u00a0 \u00a02481-3508\u20ac[\/vc_column_text][\/vc_column][\/vc_row][vc_row][vc_column][vc_column_text el_class=&#8220;table_block&#8220;]<\/p>\n<h2>Technische Daten<\/h2>\n<table>\n<tbody>\n<tr>\n<td style=\"text-align: left;\" width=\"311\">Durchflussbereich<\/td>\n<td style=\"text-align: left;\" width=\"312\">F6-3L: 0,0053~3600 ml\/min<br \/>\nF6-6L: 0,3~6000 ml\/min<br \/>\nF6-12L: 0,00069~12 l\/min<\/td>\n<\/tr>\n<tr>\n<td style=\"text-align: left;\" width=\"311\">Drehzahlbereich<\/td>\n<td style=\"text-align: left;\" width=\"312\">0,1-600 U\/min<\/td>\n<\/tr>\n<tr>\n<td style=\"text-align: left;\" width=\"311\">Drehzahlaufl\u00f6sung<\/td>\n<td style=\"text-align: left;\" width=\"312\">0,01 U\/min<\/td>\n<\/tr>\n<tr>\n<td style=\"text-align: left;\" width=\"311\">Dosiervolumenbereich<\/td>\n<td style=\"text-align: left;\" width=\"312\">0,1-9999,99ml<\/td>\n<\/tr>\n<tr>\n<td style=\"text-align: left;\" width=\"311\">Aufl\u00f6sung des Dosiervolumens<\/td>\n<td style=\"text-align: left;\" width=\"312\">0,01ml<\/td>\n<\/tr>\n<tr>\n<td style=\"text-align: left;\" width=\"311\">Dosiermodus<\/td>\n<td style=\"text-align: left;\" width=\"312\">0,1-9999,99s<\/td>\n<\/tr>\n<tr>\n<td style=\"text-align: left;\" width=\"311\">Pausenzeit<\/td>\n<td style=\"text-align: left;\" width=\"312\">0,1-9999,99s<\/td>\n<\/tr>\n<tr>\n<td style=\"text-align: left;\" width=\"311\">Zeitaufl\u00f6sung<\/td>\n<td style=\"text-align: left;\" width=\"312\">0,01s<\/td>\n<\/tr>\n<tr>\n<td style=\"text-align: left;\" width=\"311\">Anzahl kopieren<\/td>\n<td style=\"text-align: left;\" width=\"312\">1-9999 mal, Einstellung &#8218;0&#8216; bedeutet unbegrenzt<\/td>\n<\/tr>\n<tr>\n<td style=\"text-align: left;\" width=\"311\">R\u00fcckensaugwinkel<\/td>\n<td style=\"text-align: left;\" width=\"312\">0-360\u00b0<\/td>\n<\/tr>\n<tr>\n<td style=\"text-align: left;\" width=\"311\">Ausgangsdruck<\/td>\n<td style=\"text-align: left;\" width=\"312\">0,3 Mpa<\/td>\n<\/tr>\n<tr>\n<td style=\"text-align: left;\" width=\"311\">Dosiergenauigkeit<\/td>\n<td style=\"text-align: left;\" width=\"312\">&lt; \u00b10,5%<\/td>\n<\/tr>\n<tr>\n<td style=\"text-align: left;\" width=\"311\">Motortyp<\/td>\n<td style=\"text-align: left;\" width=\"312\">Schrittmotor mit geschlossenem Regelkreis<\/td>\n<\/tr>\n<tr>\n<td style=\"text-align: left;\" width=\"311\">Display<\/td>\n<td style=\"text-align: left;\" width=\"312\">Industrietaugliches 4,3-Zoll-Farb-LCD-Display<\/td>\n<\/tr>\n<tr>\n<td style=\"text-align: left;\" width=\"311\">Steuerungsmethode<\/td>\n<td style=\"text-align: left;\" width=\"312\">Touchscreen und mechanische Tastatur<\/td>\n<\/tr>\n<tr>\n<td style=\"text-align: left;\" width=\"311\">Lebensdauer der Tastatur<\/td>\n<td style=\"text-align: left;\" width=\"312\">300.000 Mal<\/td>\n<\/tr>\n<tr>\n<td style=\"text-align: left;\" width=\"311\">Start \/ Stopp, Richtungssignal<\/td>\n<td style=\"text-align: left;\" width=\"312\">Passives Schaltsignal, z. B. Fu\u00dfpedalschalter; Aktives Schaltsignal: 5-24V universal<\/td>\n<\/tr>\n<tr>\n<td style=\"text-align: left;\" width=\"311\">Ausgangsschnittstelle<\/td>\n<td style=\"text-align: left;\" width=\"312\">Arbeitsstatus des Ausgangsmotors (Open-Collector-Ausgang)<\/td>\n<\/tr>\n<tr>\n<td style=\"text-align: left;\" width=\"311\">Kommunikationsschnittstelle<\/td>\n<td style=\"text-align: left;\" width=\"312\">RS232, RS485 unterst\u00fctzt Modbus-Protokoll (RTU-Modus)<\/td>\n<\/tr>\n<tr>\n<td style=\"text-align: left;\" width=\"311\">Stromversorgung<\/td>\n<td style=\"text-align: left;\" width=\"312\">AC 220V\u00b110% 50Hz\/60Hz (Standard)<br \/>\nAC 100V\u00b110% 50Hz\/60Hz (optional)<\/td>\n<\/tr>\n<tr>\n<td style=\"text-align: left;\" width=\"311\">Antriebsma\u00df (LxBxH)<\/td>\n<td style=\"text-align: left;\" width=\"312\">F6-3L: 223x152x231 mm<br \/>\nF6-6L: 283x192x274 mm<br \/>\nF6-12L: 302x222x331 mm<\/td>\n<\/tr>\n<tr>\n<td style=\"text-align: left;\" width=\"311\">Antriebsgewicht<\/td>\n<td style=\"text-align: left;\" width=\"312\">F6-3L: 5.02kg<br \/>\nF6-6L: 7.85kg<br \/>\nF6-12L: 13.14kg<\/td>\n<\/tr>\n<tr>\n<td style=\"text-align: left;\" width=\"311\">Leistungsaufnahme<\/td>\n<td style=\"text-align: left;\" width=\"312\">F6-3L: &lt; 80W<br \/>\nF6-6L: &lt; 180W<br \/>\nF6-12L: &lt; 300W<\/td>\n<\/tr>\n<tr>\n<td style=\"text-align: left;\" width=\"311\">Zustandstemperatur<\/td>\n<td style=\"text-align: left;\" width=\"312\">0-40 \u00b0C<\/td>\n<\/tr>\n<tr>\n<td style=\"text-align: left;\" width=\"311\">Relative Luftfeuchtigkeit<\/td>\n<td style=\"text-align: left;\" width=\"312\">&lt; 80%<\/td>\n<\/tr>\n<tr>\n<td style=\"text-align: left;\" width=\"311\">IP Schutzart<\/td>\n<td style=\"text-align: left;\" width=\"312\">IP31<\/td>\n<\/tr>\n<\/tbody>\n<\/table>\n<p>&nbsp;<\/p>\n<h2>Produktzusammensetzung<\/h2>\n<table width=\"614\">\n<tbody>\n<tr>\n<td style=\"text-align: left;\" width=\"156\">Antriebs<\/td>\n<td style=\"text-align: left;\" width=\"146\">Pumpenkopf<\/td>\n<td style=\"text-align: left;\" width=\"312\">Schlauchgr\u00f6\u00dfe<\/td>\n<\/tr>\n<tr>\n<td style=\"text-align: left;\" rowspan=\"2\" width=\"156\">F6-3L<\/td>\n<td style=\"text-align: left;\" width=\"146\">EasyPump<\/td>\n<td style=\"text-align: left;\" width=\"312\">13\u201d, 14\u201d, 19\u201d, 16\u201d, 25\u201d, 17\u201d, 18\u201d, 15\u201d, 24\u201d, 35\u201d 36\u201d<\/td>\n<\/tr>\n<tr>\n<td style=\"text-align: left;\" width=\"146\">DZ25-3L<\/td>\n<td style=\"text-align: left;\" width=\"312\">15\u201d, 24\u201d, 35\u201d, 36\u201d<\/td>\n<\/tr>\n<tr>\n<td style=\"text-align: left;\" width=\"156\">F6-6L<\/td>\n<td style=\"text-align: left;\" width=\"146\">DZ25-6L<\/td>\n<td style=\"text-align: left;\" width=\"312\">15\u201d, 24\u201d, 35\u201d, 36\u201d<\/td>\n<\/tr>\n<tr>\n<td style=\"text-align: left;\" width=\"156\">F6-12L<\/td>\n<td style=\"text-align: left;\" width=\"146\">YZ35<\/td>\n<td style=\"text-align: left;\" width=\"312\">26\u201d, 73\u201d, 82\u201d<\/td>\n<\/tr>\n<\/tbody>\n<\/table>\n<p>[\/vc_column_text][\/vc_column][\/vc_row]<\/p>\n","protected":false},"excerpt":{"rendered":"<p>[vc_row][vc_column][vc_column_text] Price from 1570\u20ac to 3508\u20ac depending on model and configuration Funktionen Geeignet f\u00fcr gro\u00dfe Durchflussrate, hohe Effizienz, hochpr\u00e4zise F\u00fcllung. Geschlossener Schrittmotorantrieb, genaue Steuerung, starke Antriebskraft. 304 Edelstahl-Treibergeh\u00e4use kann die Abf\u00fclllinie unterst\u00fctzen. Zwei Arbeitsmodi: Voleme-Dosierung und Speed-Dispensing (speziell f\u00fcr viskose Fl\u00fcssigkeitsf\u00fcllung). [\/vc_column_text][\/vc_column][\/vc_row][vc_row][vc_column][vc_single_image image=&#8220;353&#8243; img_size=&#8220;800&#215;433&#8243; onclick=&#8220;link_image&#8220;][\/vc_column][\/vc_row][vc_row][vc_column][vc_column_text] Modellnummer F6-3L\/EasyPump\u00a0 \u00a0 1570\u20ac F6-3L\/DZ25-3L\u00a0 \u00a0 \u00a0 \u00a01745-1777\u20ac F6-6L\/DZ25-6L\u00a0 \u00a0 [&hellip;]<\/p>\n","protected":false},"author":3,"featured_media":0,"parent":59,"menu_order":0,"comment_status":"closed","ping_status":"closed","template":"","meta":{"footnotes":""},"class_list":["post-352","page","type-page","status-publish","hentry"],"translation":{"provider":"WPGlobus","version":"3.0.2","language":"de","enabled_languages":["en","de"],"languages":{"en":{"title":true,"content":true,"excerpt":false},"de":{"title":true,"content":true,"excerpt":false}}},"aioseo_notices":[],"_links":{"self":[{"href":"https:\/\/labvector.de\/de\/wp-json\/wp\/v2\/pages\/352","targetHints":{"allow":["GET"]}}],"collection":[{"href":"https:\/\/labvector.de\/de\/wp-json\/wp\/v2\/pages"}],"about":[{"href":"https:\/\/labvector.de\/de\/wp-json\/wp\/v2\/types\/page"}],"author":[{"embeddable":true,"href":"https:\/\/labvector.de\/de\/wp-json\/wp\/v2\/users\/3"}],"replies":[{"embeddable":true,"href":"https:\/\/labvector.de\/de\/wp-json\/wp\/v2\/comments?post=352"}],"version-history":[{"count":6,"href":"https:\/\/labvector.de\/de\/wp-json\/wp\/v2\/pages\/352\/revisions"}],"predecessor-version":[{"id":479,"href":"https:\/\/labvector.de\/de\/wp-json\/wp\/v2\/pages\/352\/revisions\/479"}],"up":[{"embeddable":true,"href":"https:\/\/labvector.de\/de\/wp-json\/wp\/v2\/pages\/59"}],"wp:attachment":[{"href":"https:\/\/labvector.de\/de\/wp-json\/wp\/v2\/media?parent=352"}],"curies":[{"name":"wp","href":"https:\/\/api.w.org\/{rel}","templated":true}]}}