{"id":332,"date":"2022-12-30T01:54:32","date_gmt":"2022-12-30T01:54:32","guid":{"rendered":"http:\/\/labvector.de\/?page_id=332"},"modified":"2023-02-16T14:36:09","modified_gmt":"2023-02-16T13:36:09","slug":"laboratory-dispensing-peristaltic-pumps","status":"publish","type":"page","link":"https:\/\/labvector.de\/de\/products\/peristaltic-pumps\/laboratory-dispensing-peristaltic-pumps\/","title":{"rendered":"Labor-Dosier- Peristaltikpumpen"},"content":{"rendered":"<p>[vc_row][vc_column][vc_column_text]<\/p>\n<h4 class=\"uk-article-title\">Preis von 678\u20ac bis 1805\u20ac je nach Modell und Konfiguration<\/h4>\n<h4>Funktionen<\/h4>\n<ul>\n<li>Industrietaugliches Farb-LCD-Display mit Touchscreen-Steuerung.<\/li>\n<li>Kann Dosiervolumen, Ausgabezeit, Pausenzeit und Kopienummern voreinstellen.<\/li>\n<li>Mit intelligenter Kalibrierungsfunktion und Online-Mikroeinstellungsfunktion.<\/li>\n<li>Die Pumpe kann 60 h\u00e4ufig verwendete F\u00fcllmodi speichern.<\/li>\n<li>Einstellung des hinteren Saugwinkels, Vermeidung von Fl\u00fcssigkeitstropfen, wenn die Pumpe nicht mehr funktioniert.<\/li>\n<li>Zwei Arbeitsmodi: Voleme-Dosierung und Speed-Dispensing (speziell f\u00fcr viskose Fl\u00fcssigkeitsf\u00fcllung).<\/li>\n<li>Kann mit Balance kommunizieren, Closed-Loop-Steuerung.<\/li>\n<\/ul>\n<p>[\/vc_column_text][\/vc_column][\/vc_row][vc_row][vc_column width=&#8220;1\/2&#8243;][vc_single_image image=&#8220;334&#8243; img_size=&#8220;400&#215;400&#8243; onclick=&#8220;link_image&#8220;][\/vc_column][vc_column width=&#8220;1\/2&#8243;][vc_single_image image=&#8220;335&#8243; img_size=&#8220;400&#215;400&#8243; onclick=&#8220;link_image&#8220;][\/vc_column][\/vc_row][vc_row][vc_column][vc_column_text]<\/p>\n<h2>Typische Anwendung<\/h2>\n<ul>\n<li>Medizinische und chemische Dosierung, wie orale Fl\u00fcssigkeit, diagnostische Reagenzien.<\/li>\n<li>Abgabe von Kosmetika, wie Parf\u00fcm, \u00e4therisches \u00d6l.<\/li>\n<\/ul>\n<p>[\/vc_column_text][\/vc_column][\/vc_row][vc_row][vc_column][vc_column_text el_class=&#8220;table_block&#8220;]<\/p>\n<h2>Geeigneter Pumpenkopf<\/h2>\n<table>\n<tbody>\n<tr style=\"border: 0;\">\n<td style=\"border: 0;\" width=\"311\"><img loading=\"lazy\" decoding=\"async\" class=\"alignnone wp-image-336\" title=\"AMC-Serie\" src=\"http:\/\/labvector.de\/wp-content\/uploads\/2022\/12\/AMC-Series.jpg\" alt=\"AMC-Serie\" width=\"377\" height=\"400\" srcset=\"https:\/\/labvector.de\/wp-content\/uploads\/2022\/12\/AMC-Series.jpg 408w, https:\/\/labvector.de\/wp-content\/uploads\/2022\/12\/AMC-Series-283x300.jpg 283w\" sizes=\"auto, (max-width: 377px) 100vw, 377px\" \/><\/td>\n<td style=\"border: 0;\" width=\"312\"><img loading=\"lazy\" decoding=\"async\" class=\"alignnone wp-image-337\" title=\"YZ-Serie\" src=\"http:\/\/labvector.de\/wp-content\/uploads\/2022\/12\/YZ-Series.jpg\" alt=\"YZ-Serie\" width=\"377\" height=\"400\" srcset=\"https:\/\/labvector.de\/wp-content\/uploads\/2022\/12\/YZ-Series.jpg 408w, https:\/\/labvector.de\/wp-content\/uploads\/2022\/12\/YZ-Series-283x300.jpg 283w\" sizes=\"auto, (max-width: 377px) 100vw, 377px\" \/><\/td>\n<\/tr>\n<tr style=\"border: 0;\">\n<td style=\"border: 0;\" width=\"311\">AMC-Serie<\/td>\n<td style=\"border: 0;\" width=\"312\">YZ-Serie<\/td>\n<\/tr>\n<\/tbody>\n<\/table>\n<p>[\/vc_column_text][\/vc_column][\/vc_row][vc_row][vc_column][vc_column_text]<\/p>\n<h2>Zubeh\u00f6r<\/h2>\n<ol>\n<li>Versenkte F\u00fcllung\u00a0 \u00a0 \u00a018-69\u20ac<\/li>\n<li>F\u00fclld\u00fcse\u00a0 \u00a0 \u00a0 \u00a0 \u00a0 \u00a0 \u00a0 \u00a0 27-57\u20ac<\/li>\n<li>Fu\u00dfpedalschalter\u00a0 \u00a0 \u00a0 \u00a0 75\u20ac<\/li>\n<\/ol>\n<p><img loading=\"lazy\" decoding=\"async\" class=\"alignnone wp-image-339\" title=\"Zubeh\u00f6r\" src=\"http:\/\/labvector.de\/wp-content\/uploads\/2022\/12\/Accessories-dispensing-peristaltic-pumps.jpg\" alt=\"Zubeh\u00f6r\" width=\"700\" height=\"525\" srcset=\"https:\/\/labvector.de\/wp-content\/uploads\/2022\/12\/Accessories-dispensing-peristaltic-pumps.jpg 800w, https:\/\/labvector.de\/wp-content\/uploads\/2022\/12\/Accessories-dispensing-peristaltic-pumps-300x225.jpg 300w, https:\/\/labvector.de\/wp-content\/uploads\/2022\/12\/Accessories-dispensing-peristaltic-pumps-768x576.jpg 768w\" sizes=\"auto, (max-width: 700px) 100vw, 700px\" \/><\/p>\n<h2>Schematische Darstellung der externen Steuerung<\/h2>\n<p>[\/vc_column_text][\/vc_column][\/vc_row][vc_row][vc_column][vc_single_image image=&#8220;338&#8243; img_size=&#8220;600&#215;239&#8243; onclick=&#8220;link_image&#8220;][\/vc_column][\/vc_row][vc_row][vc_column][vc_column_text el_class=&#8220;table_block&#8220;]<\/p>\n<h2>Technische Daten<\/h2>\n<table>\n<tbody>\n<tr>\n<td style=\"text-align: left;\" width=\"311\">Flow rate range<\/td>\n<td style=\"text-align: left;\" width=\"312\">LabF1\/F1: 0,0002-570 ml\/min<br \/>\nLabF3\/F3: 0,0002-1330 ml\/min<br \/>\nLabF6\/F6: 0,0002-2280 ml\/min<\/td>\n<\/tr>\n<tr>\n<td style=\"text-align: left;\" width=\"311\">Drehzahl&shy;bereich<\/td>\n<td style=\"text-align: left;\" width=\"312\">0,1-600 U\/min<\/td>\n<\/tr>\n<tr>\n<td style=\"text-align: left;\" width=\"311\">Drehzahl&shy;aufl\u00f6sung<\/td>\n<td style=\"text-align: left;\" width=\"312\">0,01 U\/min<\/td>\n<\/tr>\n<tr>\n<td style=\"text-align: left;\" width=\"311\">Dosier&shy;volumen&shy;bereich<\/td>\n<td style=\"text-align: left;\" width=\"312\">0,1-9999.99 ml<\/td>\n<\/tr>\n<tr>\n<td style=\"text-align: left;\" width=\"311\">Aufl\u00f6sung des Dosiervolumens<\/td>\n<td style=\"text-align: left;\" width=\"312\">0,01 ml<\/td>\n<\/tr>\n<tr>\n<td style=\"text-align: left;\" width=\"311\">Dosiermodus<\/td>\n<td style=\"text-align: left;\" width=\"312\">0,1-9999,99 s<\/td>\n<\/tr>\n<tr>\n<td style=\"text-align: left;\" width=\"311\">Pausenzeit<\/td>\n<td style=\"text-align: left;\" width=\"312\">0,1-9999,99 s<\/td>\n<\/tr>\n<tr>\n<td style=\"text-align: left;\" width=\"311\">Zeitauf&shy;l\u00f6sung<\/td>\n<td style=\"text-align: left;\" width=\"312\">0,01 s<\/td>\n<\/tr>\n<tr>\n<td style=\"text-align: left;\" width=\"311\">Anzahl kopieren<\/td>\n<td style=\"text-align: left;\" width=\"312\">1-9999 mal, Einstellung &#8218;0&#8216; bedeutet unbegrenzt<\/td>\n<\/tr>\n<tr>\n<td style=\"text-align: left;\" width=\"311\">R\u00fcckens&shy;augwinkel<\/td>\n<td style=\"text-align: left;\" width=\"312\">0-360\u00b0<\/td>\n<\/tr>\n<tr>\n<td style=\"text-align: left;\" width=\"311\">Dosiergen&shy;auigkeit<\/td>\n<td style=\"text-align: left;\" width=\"312\">&lt; \u00b10,5%<\/td>\n<\/tr>\n<tr>\n<td style=\"text-align: left;\" width=\"311\">Motortyp<\/td>\n<td style=\"text-align: left;\" width=\"312\">Schrittmotor<\/td>\n<\/tr>\n<tr>\n<td style=\"text-align: left;\" width=\"311\">Display<\/td>\n<td style=\"text-align: left;\" width=\"312\">Industrietaugliches 4,3-Zoll-Farb-LCD-Display<\/td>\n<\/tr>\n<tr>\n<td style=\"text-align: left;\" width=\"311\">Steuerungs&shy;methode<\/td>\n<td style=\"text-align: left;\" width=\"312\">Touchscreen und mechanische Tastatur<\/td>\n<\/tr>\n<tr>\n<td style=\"text-align: left;\" width=\"311\">Lebensdauer der Tastatur<\/td>\n<td style=\"text-align: left;\" width=\"312\">300.000 Mal<\/td>\n<\/tr>\n<tr>\n<td style=\"text-align: left;\" width=\"311\">Start \/ Stopp, Richtungs&shy;signal<\/td>\n<td style=\"text-align: left;\" width=\"312\">Passives Schaltsignal, z. B. Fu\u00dfpedalschalter; Aktives Schaltsignal: 5-24V universal<\/td>\n<\/tr>\n<tr>\n<td style=\"text-align: left;\" width=\"311\">Ausgangs&shy;schnitt&shy;stelle<\/td>\n<td style=\"text-align: left;\" width=\"312\">Arbeitsstatus des Ausgangsmotors (Open-Collector-Ausgang)<\/td>\n<\/tr>\n<tr>\n<td style=\"text-align: left;\" width=\"311\">Kommunika&shy;tionsschnitt&shy;stelle<\/td>\n<td style=\"text-align: left;\" width=\"312\">RS232, RS485 Modbus-Protokoll (RTU-Modus)<\/td>\n<\/tr>\n<tr>\n<td style=\"text-align: left;\" width=\"311\">Stromver&shy;sorgung<\/td>\n<td style=\"text-align: left;\" width=\"312\">AC 220V\u00b110% 50Hz\/60Hz (Standard)<br \/>\nAC 100V\u00b110% 50Hz\/60Hz (optional)<\/td>\n<\/tr>\n<tr>\n<td style=\"text-align: left;\" width=\"311\">Ausgangs&shy;druck<\/td>\n<td style=\"text-align: left;\" width=\"312\">0.1Mpa (0.8 ~ 1.0mm Wandst\u00e4rke Rohr)<br \/>\n0.1 ~ 0.27Mpa(1.6 ~ 2.4mm Wandst\u00e4rke Rohr)<\/td>\n<\/tr>\n<tr>\n<td style=\"text-align: left;\" width=\"311\">Antriebsma\u00df (LxBxH)<\/td>\n<td style=\"text-align: left;\" width=\"312\">LabF-Serie: 261,4\u00d7157,3\u00d7236,9 mm<br \/>\nF-Serie: 212x152x243 mm<\/td>\n<\/tr>\n<tr>\n<td style=\"text-align: left;\" width=\"311\">Antriebs&shy;gewicht<\/td>\n<td style=\"text-align: left;\" width=\"312\">LabF-Serie: 4,40 kg<br \/>\nF-Serie: 4,20 kg<\/td>\n<\/tr>\n<tr>\n<td style=\"text-align: left;\" width=\"311\">Leistungs&shy;aufnahme<\/td>\n<td style=\"text-align: left;\" width=\"312\">&lt; 50W<\/td>\n<\/tr>\n<tr>\n<td style=\"text-align: left;\" width=\"311\">Zustands&shy;temperatur<\/td>\n<td style=\"text-align: left;\" width=\"312\">0-40 \u00b0C<\/td>\n<\/tr>\n<tr>\n<td style=\"text-align: left;\" width=\"311\">Relative Luftfeuch&shy;tigkeit<\/td>\n<td style=\"text-align: left;\" width=\"312\">&lt; 80%<\/td>\n<\/tr>\n<tr>\n<td style=\"text-align: left;\" width=\"311\">IP-Schutzart<\/td>\n<td style=\"text-align: left;\" width=\"312\">IP31<\/td>\n<\/tr>\n<\/tbody>\n<\/table>\n<p>&nbsp;<\/p>\n<h2>Produkt&shy;zusammen&shy;setzung und Durchfluss&shy;bereich<\/h2>\n<table width=\"368\">\n<tbody>\n<tr>\n<td style=\"text-align: left;\" width=\"160\">Durchfluss&shy;mengen Peristaltik&shy;pumpen<\/td>\n<td style=\"text-align: left;\" width=\"30%\">YZ1515x<\/td>\n<td style=\"text-align: left;\" width=\"30%\">YZ2515x<\/td>\n<\/tr>\n<tr>\n<td style=\"text-align: left;\" width=\"160\">Schl\u00e4uche<\/td>\n<td style=\"text-align: left;\" width=\"122\">13\u201d, 14\u201d, 19\u201d, 16\u201d, 25\u201d, 17\u201d, 18\u201d<\/td>\n<td style=\"text-align: left;\" width=\"86\">15\u201d, 24\u201d<\/td>\n<\/tr>\n<tr>\n<td style=\"text-align: left;\" width=\"160\">Antrieb&amp;Drehzahl<\/td>\n<td style=\"text-align: left;\" colspan=\"2\" width=\"208\">Pumpenkopf &amp; Durch&shy;flussrate (ml\/min)<\/td>\n<\/tr>\n<tr>\n<td style=\"text-align: left;\" width=\"160\">LabF1 (0,1-150 U\/min)<\/td>\n<td style=\"text-align: left;\" width=\"122\">0,007~570<\/td>\n<td style=\"text-align: left;\" width=\"86\">0,17~435<\/td>\n<\/tr>\n<tr>\n<td style=\"text-align: left;\" width=\"160\">LabF3 (0,1-350 U\/min)<\/td>\n<td style=\"text-align: left;\" width=\"122\">0,007~1330<\/td>\n<td style=\"text-align: left;\" width=\"86\">0,17~1015<\/td>\n<\/tr>\n<tr>\n<td style=\"text-align: left;\" width=\"160\">LabF6 (0,1-600 U\/min)<\/td>\n<td style=\"text-align: left;\" width=\"122\">0,007~2280<\/td>\n<td style=\"text-align: left;\" width=\"86\">0,17~1740<\/td>\n<\/tr>\n<\/tbody>\n<\/table>\n<p>&nbsp;<\/p>\n<table width=\"416\">\n<tbody>\n<tr>\n<td style=\"text-align: left;\" width=\"160\">Durch&shy;flussraten Peristaltik&shy;pumpen<\/td>\n<td style=\"text-align: left;\" width=\"30%\">AMC1~AMC12 (10)<\/td>\n<td style=\"text-align: left;\" width=\"30%\">AMC1~AMC12 (6)<\/td>\n<\/tr>\n<tr>\n<td style=\"text-align: left;\" width=\"160\">Rohr<\/td>\n<td style=\"text-align: left;\" colspan=\"2\" width=\"255\">Innendurch&shy;messer: 0,13-3mm<br \/>\nWandst\u00e4rke: 0,8-1mm<\/td>\n<\/tr>\n<tr>\n<td style=\"text-align: left;\" width=\"160\">Antrieb &amp; Drehzahl<\/td>\n<td style=\"text-align: left;\" colspan=\"2\" width=\"255\">Pumpenkopf &amp; Durch&shy;flussrate (ml\/min)<\/td>\n<\/tr>\n<tr>\n<td style=\"text-align: left;\" width=\"160\">LabF1 (0,1-150 U\/min)<\/td>\n<td style=\"text-align: left;\" rowspan=\"3\" width=\"132\">0,0002-48 (Arbeits&shy;geschwin&shy;digkeit \u2264150 U\/min)<\/td>\n<td style=\"text-align: left;\" rowspan=\"3\" width=\"123\">0,0002-65 (Arbeits&shy;geschwin&shy;digkeit \u2264150 U\/min)<\/td>\n<\/tr>\n<tr>\n<td style=\"text-align: left;\" width=\"160\">LabF3 (0,1-350 U\/min)<\/td>\n<\/tr>\n<tr>\n<td style=\"text-align: left;\" width=\"160\">LabF6 (0,1-600 U\/min)<\/td>\n<\/tr>\n<\/tbody>\n<\/table>\n<p>[\/vc_column_text][\/vc_column][\/vc_row][vc_row][vc_column][vc_single_image image=&#8220;342&#8243; img_size=&#8220;800&#215;604&#8243; onclick=&#8220;link_image&#8220;][\/vc_column][\/vc_row]<\/p>\n","protected":false},"excerpt":{"rendered":"<p>[vc_row][vc_column][vc_column_text] Preis von 678\u20ac bis 1805\u20ac je nach Modell und Konfiguration Funktionen Industrietaugliches Farb-LCD-Display mit Touchscreen-Steuerung. Kann Dosiervolumen, Ausgabezeit, Pausenzeit und Kopienummern voreinstellen. Mit intelligenter Kalibrierungsfunktion und Online-Mikroeinstellungsfunktion. Die Pumpe kann 60 h\u00e4ufig verwendete F\u00fcllmodi speichern. Einstellung des hinteren Saugwinkels, Vermeidung von Fl\u00fcssigkeitstropfen, wenn die Pumpe nicht mehr funktioniert. Zwei Arbeitsmodi: Voleme-Dosierung und Speed-Dispensing (speziell [&hellip;]<\/p>\n","protected":false},"author":3,"featured_media":0,"parent":59,"menu_order":0,"comment_status":"closed","ping_status":"closed","template":"","meta":{"footnotes":""},"class_list":["post-332","page","type-page","status-publish","hentry"],"translation":{"provider":"WPGlobus","version":"3.0.2","language":"de","enabled_languages":["en","de"],"languages":{"en":{"title":true,"content":true,"excerpt":false},"de":{"title":true,"content":true,"excerpt":false}}},"aioseo_notices":[],"_links":{"self":[{"href":"https:\/\/labvector.de\/de\/wp-json\/wp\/v2\/pages\/332","targetHints":{"allow":["GET"]}}],"collection":[{"href":"https:\/\/labvector.de\/de\/wp-json\/wp\/v2\/pages"}],"about":[{"href":"https:\/\/labvector.de\/de\/wp-json\/wp\/v2\/types\/page"}],"author":[{"embeddable":true,"href":"https:\/\/labvector.de\/de\/wp-json\/wp\/v2\/users\/3"}],"replies":[{"embeddable":true,"href":"https:\/\/labvector.de\/de\/wp-json\/wp\/v2\/comments?post=332"}],"version-history":[{"count":19,"href":"https:\/\/labvector.de\/de\/wp-json\/wp\/v2\/pages\/332\/revisions"}],"predecessor-version":[{"id":483,"href":"https:\/\/labvector.de\/de\/wp-json\/wp\/v2\/pages\/332\/revisions\/483"}],"up":[{"embeddable":true,"href":"https:\/\/labvector.de\/de\/wp-json\/wp\/v2\/pages\/59"}],"wp:attachment":[{"href":"https:\/\/labvector.de\/de\/wp-json\/wp\/v2\/media?parent=332"}],"curies":[{"name":"wp","href":"https:\/\/api.w.org\/{rel}","templated":true}]}}