{"id":317,"date":"2022-12-29T23:12:39","date_gmt":"2022-12-29T23:12:39","guid":{"rendered":"http:\/\/labvector.de\/?page_id=317"},"modified":"2023-03-05T15:12:51","modified_gmt":"2023-03-05T14:12:51","slug":"oem-oxygen-analyzer-kit-emd-485","status":"publish","type":"page","link":"https:\/\/labvector.de\/de\/products\/gas-analyzers\/oem-oxygen-analyzer-kit-emd-485\/","title":{"rendered":"OEM-Sauerstoffanalysator-Kit EMD-485"},"content":{"rendered":"<p>[vc_row][vc_column][vc_column_text]<\/p>\n<h4 class=\"uk-article-title\">Price from 608\u20ac to 1055\u20ac depending on model and configuration<\/h4>\n<h2>Sauerstoff-Transmitter:<\/h2>\n<p>Das Modell EMD-485 Sauerstoffmessger\u00e4t kombiniert ein robustes elektronisches Design mit den Pr\u00e4zisionssauerstoffsensoren von SSO2. Das Ergebnis ist ein \u00e4u\u00dferst zuverl\u00e4ssiges und kosteneffizientes Kompaktdesign mit einer einfach zu bedienenden Benutzeroberfl\u00e4che.<\/p>\n<p>Der Transmitter wird mit einer Vielzahl von Optionen geliefert, die ihn f\u00fcr eine Vielzahl von Anwendungen konfigurierbar machen. Zu diesen Optionen geh\u00f6ren benutzerdefinierte Bereiche von 0 &#8211; 10ppm bis 0 &#8211; 100%, eine lokale Anzeige, Sensorgeh\u00e4use f\u00fcr Durchflussanwendungen und Umgebungs\u00fcberwachung sowie eine Vielzahl von Sauerstoffsensoren.  Die vollst\u00e4ndigen Optionen finden Sie in der untenstehenden Bestell\u00fcbersicht.[\/vc_column_text][\/vc_column][\/vc_row][vc_row][vc_column][vc_single_image image=&#8220;328&#8243; img_size=&#8220;medium&#8220; onclick=&#8220;link_image&#8220;][\/vc_column][\/vc_row][vc_row][vc_column][vc_column_text el_class=&#8220;table_block&#8220;]<\/p>\n<h2>Sauerstoffsensor-Technologie:<\/h2>\n<p>Der im EMD-485 verwendete Sauerstoffsensor basiert auf dem Prinzip der galvanischen elektrochemischen Brennstoffzelle. Alle Sauerstoffsensoren werden von Southland Sensing Ltd. im Rahmen eines strengen Qualit\u00e4tsprogramms selbst hergestellt.<\/p>\n<p>Die Standardzellen werden durch andere Hintergrundgase wie H2, He oder Kohlenwasserstoffe nicht beeintr\u00e4chtigt. Die sauren Zellen funktionieren gut, wenn saure Gase wie CO2 oder Erdgas vorhanden sind.<\/p>\n<p>Die Sensoren sind in sich geschlossen und erfordern nur minimale Wartung &#8211; es m\u00fcssen keine Elektroden gereinigt oder Elektrolyte hinzugef\u00fcgt werden.<\/p>\n<p>Die SSO2-Pr\u00e4zisions-Sauerstoffsensoren bieten eine hervorragende Leistung, Genauigkeit und Stabilit\u00e4t bei gleichzeitiger Maximierung der erwarteten Lebensdauer.<\/p>\n<p>&nbsp;<\/p>\n<table>\n<tbody>\n<tr style=\"border: 0;\">\n<td style=\"border: 0;\" width=\"208\"><img loading=\"lazy\" decoding=\"async\" class=\"alignnone wp-image-318\" src=\"http:\/\/labvector.de\/wp-content\/uploads\/2022\/12\/H6-KF-40.jpg\" alt=\"H6 KF-40 Sensorgeh\u00e4use\" width=\"210\" height=\"191\" \/><\/td>\n<td style=\"border: 0;\" width=\"208\"><img loading=\"lazy\" decoding=\"async\" class=\"alignnone wp-image-319\" src=\"http:\/\/labvector.de\/wp-content\/uploads\/2022\/12\/H3-Flow-Through.jpg\" alt=\"H3 Durchflusssensorgeh\u00e4use\" width=\"235\" height=\"200\" srcset=\"https:\/\/labvector.de\/wp-content\/uploads\/2022\/12\/H3-Flow-Through.jpg 411w, https:\/\/labvector.de\/wp-content\/uploads\/2022\/12\/H3-Flow-Through-300x255.jpg 300w\" sizes=\"auto, (max-width: 235px) 100vw, 235px\" \/><\/td>\n<td style=\"border: 0;\" width=\"208\"><img loading=\"lazy\" decoding=\"async\" class=\"alignnone wp-image-320\" src=\"http:\/\/labvector.de\/wp-content\/uploads\/2022\/12\/Oxygen-Sensor.jpg\" alt=\"Oxygen Sensor\" width=\"200\" height=\"200\" srcset=\"https:\/\/labvector.de\/wp-content\/uploads\/2022\/12\/Oxygen-Sensor.jpg 350w, https:\/\/labvector.de\/wp-content\/uploads\/2022\/12\/Oxygen-Sensor-300x300.jpg 300w, https:\/\/labvector.de\/wp-content\/uploads\/2022\/12\/Oxygen-Sensor-150x150.jpg 150w\" sizes=\"auto, (max-width: 200px) 100vw, 200px\" \/><\/td>\n<\/tr>\n<tr style=\"border: 0;\">\n<td style=\"border: 0;\" width=\"208\">H6 KF-40 Sensor&shy;geh\u00e4use<\/td>\n<td style=\"border: 0;\" width=\"208\">H3 Durchfluss&shy;sensor&shy;geh\u00e4use<\/td>\n<td style=\"border: 0;\" width=\"208\">Sauerstoff&shy;sensor<\/td>\n<\/tr>\n<\/tbody>\n<\/table>\n<p>&nbsp;<\/p>\n<ul>\n<li>Gut geeignet f\u00fcr OEM-Installationen<\/li>\n<li>Pr\u00e4zisions-Brennstoffzellen-Sauerstoffsensor-Technologie<\/li>\n<li>Trace- oder Prozent-Konfiguration<\/li>\n<li>Sauerstoffmessung von 0,1ppm bis 100%<\/li>\n<li>4 &#8211; 20mA, 0 &#8211; 1V DC, 0 &#8211; 10V DC Ausg\u00e4nge<\/li>\n<li>Aktualisiertes Design auf Mikroprozessorbasis<\/li>\n<li>Kosteneffektiv, kompakt und wartungsarm<\/li>\n<\/ul>\n<h2>Konfigurationen:<\/h2>\n<ul>\n<li>Vom Benutzer w\u00e4hlbare Bereiche (vorkonfiguriert):<\/li>\n<li>0 &#8211; 10ppm\/100\/1000ppm\/1%\/5%\/10%\/25%\/100%<\/li>\n<li>Digitale Drucktasten zum Ausf\u00fchren lokaler Span Cal<\/li>\n<li>Sensor-Geh\u00e4use: H6 KF-40 oder H3 Durchfluss<\/li>\n<li>Grafisches Display mit Hintergrundbeleuchtung<\/li>\n<li>Viele zus\u00e4tzliche kundenspezifische Optionen verf\u00fcgbar<\/li>\n<li>Integriertes Span-Potentiometer zur Einstellung des 4mA-Offsets<\/li>\n<\/ul>\n<h2>Anwendungen:<\/h2>\n<ul>\n<li>Inerte Glove-Box-Systeme<\/li>\n<li>Stickstoff- und O2-PSA-Generatoren<\/li>\n<li>Laboratorien und Universit\u00e4ten<\/li>\n<li>CO2-\u00dcberwachung in der Getr\u00e4nkeindustrie<\/li>\n<li>Luftzerlegungsanlagen<\/li>\n<li>&amp; viele andere<\/li>\n<\/ul>\n<p>&nbsp;<\/p>\n<h2>Leistungs&shy;anforderungen:<\/h2>\n<table>\n<tbody>\n<tr>\n<td style=\"text-align: left;\" width=\"311\">Eingangsleistung<\/td>\n<td style=\"text-align: left;\" width=\"312\">12 &#8211; 24 V DC<\/td>\n<\/tr>\n<tr>\n<td style=\"text-align: left;\" width=\"311\">Stromaufnahme<\/td>\n<td style=\"text-align: left;\" width=\"312\">40 mA (max)<\/td>\n<\/tr>\n<\/tbody>\n<\/table>\n<p>&nbsp;<\/p>\n<h2>Sauerstoff&shy;sensoren:<\/h2>\n<p>TO2-1x PPM-Sauerstoffsensor: Spurenanalyse, Standard<br \/>\nTO2-2x PPM-Sauerstoffsensor: Spurenanalyse, sauer<br \/>\nPO2-160 Prozent-Sauerstoff-Sensor: Prozentuale Analyse, Standard<br \/>\nPO2-24-Prozent-Sauerstoff-Sensor: Prozentuale Analyse, sauer<\/p>\n<p>Sauerstoffsensoren sollten in regelm\u00e4\u00dfigen Abst\u00e4nden kalibriert werden. Die Werksempfehlung lautet alle 2 &#8211; 3 Monate oder je nach Anwendung. Die Sensoren bieten eine ausgezeichnete Linearit\u00e4t mit einer Luftkalibrierung, oder kalibrieren Sie mit einem zertifizierten Kalibriergas, um die Genauigkeit zu maximieren.<\/p>\n<p>&nbsp;<\/p>\n<h2>Spezifikationen:<\/h2>\n<table>\n<tbody>\n<tr>\n<td style=\"text-align: left;\" width=\"309\">Genauigkeit:<\/td>\n<td style=\"text-align: left;\" width=\"309\">&lt; 1% Skalenendwert*<\/td>\n<\/tr>\n<tr>\n<td style=\"text-align: left;\" width=\"309\">Kalibrierung:<\/td>\n<td style=\"text-align: left;\" width=\"309\">2 &#8211; 3 Monate oder nach Bedarf<\/td>\n<\/tr>\n<tr>\n<td style=\"text-align: left;\" width=\"309\">Klassifizierung:<\/td>\n<td style=\"text-align: left;\" width=\"309\">Allgemeiner Zweck<\/td>\n<\/tr>\n<tr>\n<td style=\"text-align: left;\" width=\"309\">Abmessungen (PCB):<\/td>\n<td style=\"text-align: left;\" width=\"309\">3.25 x 2.00 Zoll<\/td>\n<\/tr>\n<tr>\n<td style=\"text-align: left;\" width=\"309\">Display:<\/td>\n<td style=\"text-align: left;\" width=\"309\">Optional<\/td>\n<\/tr>\n<tr>\n<td style=\"text-align: left;\" width=\"309\">Temperatur:<\/td>\n<td style=\"text-align: left;\" width=\"309\">0 &#8211; 50 Grad Celsius<\/td>\n<\/tr>\n<tr>\n<td style=\"text-align: left;\" width=\"309\">Temperaturkompensation:<\/td>\n<td style=\"text-align: left;\" width=\"309\">Integral<\/td>\n<\/tr>\n<tr>\n<td style=\"text-align: left;\" width=\"309\">Ausgang:<\/td>\n<td style=\"text-align: left;\" width=\"309\">4 &#8211; 20mA, 0 &#8211; 1VDC, 0 &#8211; 10VDC<\/td>\n<\/tr>\n<tr>\n<td style=\"text-align: left;\" width=\"309\">Sensorgeh\u00e4use:<\/td>\n<td style=\"text-align: left;\" width=\"309\">Optional, H6 oder H3<\/td>\n<\/tr>\n<tr>\n<td style=\"text-align: left;\" width=\"309\">Durchfluss-Empfindlichkeit:<\/td>\n<td style=\"text-align: left;\" width=\"309\">0.5 &#8211; 5.0 SCFH<\/td>\n<\/tr>\n<tr>\n<td style=\"text-align: left;\" width=\"309\">Sensor-Typ:<\/td>\n<td style=\"text-align: left;\" width=\"309\">Pr\u00e4zisions-Brennstoffzelle<\/td>\n<\/tr>\n<tr>\n<td style=\"text-align: left;\" width=\"309\">Garantie<\/td>\n<td style=\"text-align: left;\" width=\"309\">12 Monate Sensor<br \/>\n12 Monate Elektronik<\/td>\n<\/tr>\n<\/tbody>\n<\/table>\n<p>*Genauigkeit bei konstanten Bedingungen[\/vc_column_text][\/vc_column][\/vc_row][vc_row][vc_column][vc_single_image image=&#8220;329&#8243; img_size=&#8220;800&#215;505&#8243; onclick=&#8220;link_image&#8220;][\/vc_column][\/vc_row]<\/p>\n","protected":false},"excerpt":{"rendered":"<p>[vc_row][vc_column][vc_column_text] Price from 608\u20ac to 1055\u20ac depending on model and configuration Sauerstoff-Transmitter: Das Modell EMD-485 Sauerstoffmessger\u00e4t kombiniert ein robustes elektronisches Design mit den Pr\u00e4zisionssauerstoffsensoren von SSO2. Das Ergebnis ist ein \u00e4u\u00dferst zuverl\u00e4ssiges und kosteneffizientes Kompaktdesign mit einer einfach zu bedienenden Benutzeroberfl\u00e4che. Der Transmitter wird mit einer Vielzahl von Optionen geliefert, die ihn f\u00fcr eine Vielzahl [&hellip;]<\/p>\n","protected":false},"author":3,"featured_media":0,"parent":208,"menu_order":0,"comment_status":"closed","ping_status":"closed","template":"","meta":{"footnotes":""},"class_list":["post-317","page","type-page","status-publish","hentry"],"translation":{"provider":"WPGlobus","version":"3.0.2","language":"de","enabled_languages":["en","de"],"languages":{"en":{"title":true,"content":true,"excerpt":false},"de":{"title":false,"content":false,"excerpt":false}}},"aioseo_notices":[],"_links":{"self":[{"href":"https:\/\/labvector.de\/de\/wp-json\/wp\/v2\/pages\/317","targetHints":{"allow":["GET"]}}],"collection":[{"href":"https:\/\/labvector.de\/de\/wp-json\/wp\/v2\/pages"}],"about":[{"href":"https:\/\/labvector.de\/de\/wp-json\/wp\/v2\/types\/page"}],"author":[{"embeddable":true,"href":"https:\/\/labvector.de\/de\/wp-json\/wp\/v2\/users\/3"}],"replies":[{"embeddable":true,"href":"https:\/\/labvector.de\/de\/wp-json\/wp\/v2\/comments?post=317"}],"version-history":[{"count":9,"href":"https:\/\/labvector.de\/de\/wp-json\/wp\/v2\/pages\/317\/revisions"}],"predecessor-version":[{"id":579,"href":"https:\/\/labvector.de\/de\/wp-json\/wp\/v2\/pages\/317\/revisions\/579"}],"up":[{"embeddable":true,"href":"https:\/\/labvector.de\/de\/wp-json\/wp\/v2\/pages\/208"}],"wp:attachment":[{"href":"https:\/\/labvector.de\/de\/wp-json\/wp\/v2\/media?parent=317"}],"curies":[{"name":"wp","href":"https:\/\/api.w.org\/{rel}","templated":true}]}}