{"id":315,"date":"2022-12-29T22:33:53","date_gmt":"2022-12-29T22:33:53","guid":{"rendered":"http:\/\/labvector.de\/?page_id=315"},"modified":"2023-02-16T11:52:56","modified_gmt":"2023-02-16T10:52:56","slug":"panel-mount-oxygen-analyzer-omd-501x","status":"publish","type":"page","link":"https:\/\/labvector.de\/de\/products\/gas-analyzers\/panel-mount-oxygen-analyzer-omd-501x\/","title":{"rendered":"Sauerstoffanalysator OMD-501X f\u00fcr Schalttafelmontage"},"content":{"rendered":"<p>[vc_row][vc_column][vc_column_text]<\/p>\n<h4 class=\"uk-article-title\">Price 2062\u20ac<\/h4>\n<h2>Sauerstoff-Analysator:<\/h2>\n<p>Der Sauerstoffanalysator OMD-501X kombiniert ein robustes Inline-Design mit den Pr\u00e4zisions-Sauerstoffsensoren von SSO2. Das Ergebnis ist ein \u00e4u\u00dferst zuverl\u00e4ssiges und kosteng\u00fcnstiges, kompaktes Design mit einfach zu bedienender Benutzeroberfl\u00e4che.<\/p>\n<p>Spurenbereiche umfassen 0 &#8211; 10 ppm, 0 &#8211; 100 ppm, 0 &#8211; 1000ppm, 0-10000ppm und 0-25%. Zu den Prozentbereichen geh\u00f6ren 0 \u2013 1 %, 0 \u2013 5 %, 0 \u2013 10 %, 0 \u2013 25 % und 0 \u2013 100 %. Der Analysator kann vom Benutzer f\u00fcr Trace-Anwendungen (Teile pro Million), Prozent und Reinheit konfiguriert werden, indem er im integrierten Men\u00fc ausw\u00e4hlt, welcher Sensor verwendet wird.<\/p>\n<p>Analogausgang kann manuell \u00fcber das On-Board-Men\u00fc ausgew\u00e4hlt werden, oder der Benutzer kann die Auto-Range-Funktion mit dem RANGE ID-Ausgang nutzen, der eine einfache Schnittstelle zu einer SPS, einem DCS oder einem anderen Steuerungssystem erm\u00f6glicht.<\/p>\n<p>Gasanschl\u00fcsse werden mit Kompressionsrohrverschraubungen oder einem direkt passenden KF-40 Geh\u00e4use hergestellt.[\/vc_column_text][\/vc_column][\/vc_row][vc_row][vc_column][vc_single_image image=&#8220;316&#8243; img_size=&#8220;medium&#8220; onclick=&#8220;link_image&#8220;][\/vc_column][\/vc_row][vc_row][vc_column][vc_column_text el_class=&#8220;table_block&#8220;]<\/p>\n<h2>Sauerstoff-Sensor-Technologie:<\/h2>\n<p>Die im OMD-501X verwendeten Sauerstoffsensoren basieren auf dem Prinzip der galvanischen elektrochemischen Brennstoffzelle. Alle Lambdasonden werden von Southland Sensing Ltd. im Rahmen eines strengen Qualit\u00e4tsprogramms hergestellt.<\/p>\n<p>Die Standardzellen werden von anderen Hintergrundgasen wie H2, He oder Kohlenwasserstoffen nicht beeinflusst. Die sauren Zellen funktionieren gut, wenn saure Gase wie CO2 oder Erdgas vorhanden sind.<\/p>\n<p>Die Sensoren sind in sich geschlossen und erfordern nur minimale Wartung &#8211; es m\u00fcssen keine Elektroden gereinigt oder Elektrolyte hinzugef\u00fcgt werden.<\/p>\n<p>Die SSO2-Pr\u00e4zisions-Sauerstoffsensoren bieten hervorragende Leistung, Genauigkeit und Stabilit\u00e4t bei gleichzeitiger Maximierung der erwarteten Lebensdauer.<\/p>\n<table>\n<tbody>\n<tr style=\"border: 0;\">\n<td style=\"border: 0;\" width=\"208\"><img loading=\"lazy\" decoding=\"async\" class=\"wp-image-318\" src=\"http:\/\/labvector.de\/wp-content\/uploads\/2022\/12\/H6-KF-40.jpg\" alt=\"H6 KF-40 Sensorgeh\u00e4use\" width=\"210\" height=\"191\" \/><\/td>\n<td style=\"border: 0;\" width=\"208\"><img loading=\"lazy\" decoding=\"async\" class=\"wp-image-319\" src=\"http:\/\/labvector.de\/wp-content\/uploads\/2022\/12\/H3-Flow-Through.jpg\" alt=\"H3-Durchflusssensorgeh\u00e4use\" width=\"235\" height=\"200\" srcset=\"https:\/\/labvector.de\/wp-content\/uploads\/2022\/12\/H3-Flow-Through.jpg 411w, https:\/\/labvector.de\/wp-content\/uploads\/2022\/12\/H3-Flow-Through-300x255.jpg 300w\" sizes=\"auto, (max-width: 235px) 100vw, 235px\" \/><\/td>\n<td style=\"border: 0;\" width=\"208\"><img loading=\"lazy\" decoding=\"async\" class=\"wp-image-320\" src=\"http:\/\/labvector.de\/wp-content\/uploads\/2022\/12\/Oxygen-Sensor.jpg\" alt=\"Oxygen Sensor\" width=\"200\" height=\"200\" srcset=\"https:\/\/labvector.de\/wp-content\/uploads\/2022\/12\/Oxygen-Sensor.jpg 350w, https:\/\/labvector.de\/wp-content\/uploads\/2022\/12\/Oxygen-Sensor-300x300.jpg 300w, https:\/\/labvector.de\/wp-content\/uploads\/2022\/12\/Oxygen-Sensor-150x150.jpg 150w\" sizes=\"auto, (max-width: 200px) 100vw, 200px\" \/><\/td>\n<\/tr>\n<tr style=\"border: 0;\">\n<td style=\"border: 0px none;\" width=\"208\">H6 KF-40 Sensor&shy;geh\u00e4use<\/td>\n<td style=\"border: 0px none;\" width=\"208\">H3-Durchfluss&shy;sensor&shy;geh\u00e4use<\/td>\n<td style=\"border: 0px none;\" width=\"208\">Sauerstoff&shy;sensor<\/td>\n<\/tr>\n<\/tbody>\n<\/table>\n<p>&nbsp;<\/p>\n<ul>\n<li>Intuitive benutzerfreundliche Oberfl\u00e4che der elektrochemischen Pr\u00e4zisionssensortechnologie<\/li>\n<li>Trace-, Prozent- oder Reinheitsanalysebereiche mit automatischer Bereichseinstellung oder manuellem Bereichsmodus<\/li>\n<li>Zwei einstellbare Alarmkontakte mit Verz\u00f6gerungsmodus 1\/4 DIN<\/li>\n<li>Schalttafelmontage<\/li>\n<li>Kompaktbauweise<\/li>\n<li>Sauerstoff von 0,01 ppm bis 100% messen<\/li>\n<\/ul>\n<h2>Antr\u00e4ge:<\/h2>\n<ul>\n<li>Inerte Handschuhfachsysteme<\/li>\n<li>Stickstoff- und O2-PSA-Generatoren<\/li>\n<li>Labore &amp; Universit\u00e4ten<\/li>\n<li>Sauerstoffkonzentratoren in medizinischer Qualit\u00e4t<\/li>\n<li>Luftzerlegungsanlagen<\/li>\n<li>&amp; Viele andere<\/li>\n<\/ul>\n<h2>Erforderliche Stromversorgung:<\/h2>\n<table>\n<tbody>\n<tr>\n<td style=\"text-align: left;\" width=\"311\">Eingangsleistung<\/td>\n<td style=\"text-align: left;\" width=\"312\">10 &#8211; 28 V DC<\/td>\n<\/tr>\n<tr>\n<td style=\"text-align: left;\" width=\"311\">Eingangsleistung<\/td>\n<td style=\"text-align: left;\" width=\"312\">100 &#8211; 240 V AC<\/td>\n<\/tr>\n<tr>\n<td style=\"text-align: left;\" width=\"311\">Aktuelle Aufnahme<\/td>\n<td style=\"text-align: left;\" width=\"312\">50 mA<\/td>\n<\/tr>\n<\/tbody>\n<\/table>\n<p>&nbsp;<\/p>\n<h2>Sauerstoff-Sensoren:<\/h2>\n<p>TO2-1x PPM Sauerstoffsensor: Spurenanalyse, Standard<br \/>\nTO2-2x PPM Sauerstoffsensor: Spurenanalyse, sauer<br \/>\nPO2-160 Prozent Sauerstoffsensor: Prozentanalyse, Standard<br \/>\nPO2-24-Prozent-Sauerstoff-Sensor: Prozentuale Analyse, sauer<br \/>\nPO2-1120 Reinheits-Sauerstoffsensor: Reinheitsanalyse<br \/>\nTO2-19 Hybrid-Sauerstoffsensor: Prozent- oder Spurenanalyse<\/p>\n<p>Sauerstoffsensoren sollten in regelm\u00e4\u00dfigen Abst\u00e4nden kalibriert werden. Die Werksempfehlung lautet alle 2 &#8211; 3 Monate oder je nach Anwendung. Die Sensoren bieten eine ausgezeichnete Linearit\u00e4t mit einer Luftkalibrierung, oder kalibrieren Sie auf ein zertifiziertes Pr\u00fcfgas, um die Genauigkeit zu maximieren.<\/p>\n<p>&nbsp;<\/p>\n<h2>Spezifikationen:<\/h2>\n<table>\n<tbody>\n<tr>\n<td style=\"text-align: left;\" width=\"311\">Genauigkeit<\/td>\n<td style=\"text-align: left;\" width=\"312\">+\/- 1% Skalenendwert*<\/td>\n<\/tr>\n<tr>\n<td style=\"text-align: left;\" width=\"311\">Display<\/td>\n<td style=\"text-align: left;\" width=\"312\">LCD mit Hintergrundbeleuchtung<\/td>\n<\/tr>\n<tr>\n<td style=\"text-align: left;\" width=\"311\">Abmessungen<\/td>\n<td style=\"text-align: left;\" width=\"312\">1\/4 DIN (96 x 96 x 65mm)<\/td>\n<\/tr>\n<tr>\n<td style=\"text-align: left;\" width=\"311\">Geh\u00e4use<\/td>\n<td style=\"text-align: left;\" width=\"312\">Eloxiertes Aluminium<\/td>\n<\/tr>\n<tr>\n<td style=\"text-align: left;\" width=\"311\">Klassifizierung<\/td>\n<td style=\"text-align: left;\" width=\"312\">Allgemeiner Zweck<\/td>\n<\/tr>\n<tr>\n<td style=\"text-align: left;\" width=\"311\">Temperaturbereich<\/td>\n<td style=\"text-align: left;\" width=\"312\">0 &#8211; 50 Grad C<\/td>\n<\/tr>\n<tr>\n<td style=\"text-align: left;\" width=\"311\">Temperaturkompensation<\/td>\n<td style=\"text-align: left;\" width=\"312\">Integral<\/td>\n<\/tr>\n<tr>\n<td style=\"text-align: left;\" width=\"311\">Alarme<\/td>\n<td style=\"text-align: left;\" width=\"312\">2 einstellbar mit Verz\u00f6gerungsmodus<\/td>\n<\/tr>\n<tr>\n<td style=\"text-align: left;\" width=\"311\">Leistung<\/td>\n<td style=\"text-align: left;\" width=\"312\">10 &#8211; 28 VDC oder 100 &#8211; 240 VAC<\/td>\n<\/tr>\n<tr>\n<td style=\"text-align: left;\" width=\"311\">Ausgang (Analog)<\/td>\n<td style=\"text-align: left;\" width=\"312\">4 &#8211; 20mA<\/td>\n<\/tr>\n<tr>\n<td style=\"text-align: left;\" width=\"311\">Kommunikation<\/td>\n<td style=\"text-align: left;\" width=\"312\">Bidirektionaler MODBUS RS485 ASCII<\/td>\n<\/tr>\n<tr>\n<td style=\"text-align: left;\" width=\"311\">Bereich ID<\/td>\n<td style=\"text-align: left;\" width=\"312\">1 &#8211; 5 VDC (wahlweise 4 -20mA)<\/td>\n<\/tr>\n<tr>\n<td style=\"text-align: left;\" width=\"311\">Reaktionszeit<\/td>\n<td style=\"text-align: left;\" width=\"312\">T90 in 7 Sekunden<\/td>\n<\/tr>\n<tr>\n<td style=\"text-align: left;\" width=\"311\">Sensor<\/td>\n<td style=\"text-align: left;\" width=\"312\">Konfigurierbar<\/td>\n<\/tr>\n<tr>\n<td style=\"text-align: left;\" width=\"311\">Sensortyp<\/td>\n<td style=\"text-align: left;\" width=\"312\">Pr\u00e4zision Elektrochemisch<\/td>\n<\/tr>\n<tr>\n<td style=\"text-align: left;\" width=\"311\">Kalibrierung<\/td>\n<td style=\"text-align: left;\" width=\"312\">Periodisch<\/td>\n<\/tr>\n<tr>\n<td style=\"text-align: left;\" width=\"311\">Temperaturkompensation<\/td>\n<td style=\"text-align: left;\" width=\"312\">Integral<\/td>\n<\/tr>\n<tr>\n<td style=\"text-align: left;\" width=\"311\">Durchflussempfindlichkeit<\/td>\n<td style=\"text-align: left;\" width=\"312\">0.5 &#8211; 5 SCFH<\/td>\n<\/tr>\n<tr>\n<td style=\"text-align: left;\" width=\"311\">Druck<\/td>\n<td style=\"text-align: left;\" width=\"312\">0.1 &#8211; 50 PSIG<\/td>\n<\/tr>\n<tr>\n<td style=\"text-align: left;\" width=\"311\">Garantie<\/td>\n<td style=\"text-align: left;\" width=\"312\">12 Monate Sensor 12 Monate Elektronik<\/td>\n<\/tr>\n<\/tbody>\n<\/table>\n<p>*Genauigkeit bei konstanten Bedingungen[\/vc_column_text][\/vc_column][\/vc_row][vc_row][vc_column][vc_single_image image=&#8220;321&#8243; img_size=&#8220;800&#215;443&#8243; onclick=&#8220;link_image&#8220;][\/vc_column][\/vc_row]<\/p>\n","protected":false},"excerpt":{"rendered":"<p>[vc_row][vc_column][vc_column_text] Price 2062\u20ac Sauerstoff-Analysator: Der Sauerstoffanalysator OMD-501X kombiniert ein robustes Inline-Design mit den Pr\u00e4zisions-Sauerstoffsensoren von SSO2. Das Ergebnis ist ein \u00e4u\u00dferst zuverl\u00e4ssiges und kosteng\u00fcnstiges, kompaktes Design mit einfach zu bedienender Benutzeroberfl\u00e4che. Spurenbereiche umfassen 0 &#8211; 10 ppm, 0 &#8211; 100 ppm, 0 &#8211; 1000ppm, 0-10000ppm und 0-25%. Zu den Prozentbereichen geh\u00f6ren 0 \u2013 1 %, [&hellip;]<\/p>\n","protected":false},"author":3,"featured_media":0,"parent":208,"menu_order":0,"comment_status":"closed","ping_status":"closed","template":"","meta":{"footnotes":""},"class_list":["post-315","page","type-page","status-publish","hentry"],"translation":{"provider":"WPGlobus","version":"3.0.2","language":"de","enabled_languages":["en","de"],"languages":{"en":{"title":true,"content":true,"excerpt":false},"de":{"title":true,"content":true,"excerpt":false}}},"aioseo_notices":[],"_links":{"self":[{"href":"https:\/\/labvector.de\/de\/wp-json\/wp\/v2\/pages\/315","targetHints":{"allow":["GET"]}}],"collection":[{"href":"https:\/\/labvector.de\/de\/wp-json\/wp\/v2\/pages"}],"about":[{"href":"https:\/\/labvector.de\/de\/wp-json\/wp\/v2\/types\/page"}],"author":[{"embeddable":true,"href":"https:\/\/labvector.de\/de\/wp-json\/wp\/v2\/users\/3"}],"replies":[{"embeddable":true,"href":"https:\/\/labvector.de\/de\/wp-json\/wp\/v2\/comments?post=315"}],"version-history":[{"count":10,"href":"https:\/\/labvector.de\/de\/wp-json\/wp\/v2\/pages\/315\/revisions"}],"predecessor-version":[{"id":474,"href":"https:\/\/labvector.de\/de\/wp-json\/wp\/v2\/pages\/315\/revisions\/474"}],"up":[{"embeddable":true,"href":"https:\/\/labvector.de\/de\/wp-json\/wp\/v2\/pages\/208"}],"wp:attachment":[{"href":"https:\/\/labvector.de\/de\/wp-json\/wp\/v2\/media?parent=315"}],"curies":[{"name":"wp","href":"https:\/\/api.w.org\/{rel}","templated":true}]}}