{"id":290,"date":"2022-12-28T09:41:40","date_gmt":"2022-12-28T09:41:40","guid":{"rendered":"http:\/\/labvector.de\/?page_id=290"},"modified":"2023-03-05T20:21:00","modified_gmt":"2023-03-05T19:21:00","slug":"laboratory-dry-drag-storage-cabinets","status":"publish","type":"page","link":"https:\/\/labvector.de\/de\/products\/dry-storage-cabinets\/laboratory-dry-drag-storage-cabinets\/","title":{"rendered":"Trockenlagerschr\u00e4nke f\u00fcr Labors"},"content":{"rendered":"<p>[vc_row][vc_column][vc_column_text]Dies ist f\u00fcr Luftfilterung, Anti-Schock, Anti-Feuchtigkeit und entspricht dem \u00f6ffentlichen Sicherheitsstandard und auch f\u00fcr den Einsatz im Labor.<\/p>\n<p>Beschreibung der angewandten Artikel. Die chemischen Drogen haben Fl\u00fcchtigkeit, \u00e4tzende, eigenartige Ger\u00fcche, reizende und starke S\u00e4ure und Lauge.[\/vc_column_text][\/vc_column][\/vc_row][vc_row][vc_column][vc_column_text]\n\n<div id=\"wk-grid1b5\" class=\"uk-grid-width-1-1 uk-grid-width-small-1-2 uk-grid-width-medium-1-2 uk-grid-width-large-1-3 uk-grid-width-xlarge-1-3 uk-grid uk-grid-match \" data-uk-grid-match=\"{target:'> div > .uk-panel', row:true}\" data-uk-grid-margin >\n\n    \n    <div>\n    \n<div class=\"uk-panel\">\n\n    <div class=\"uk-panel-teaser\">\n\n        <figure class=\"uk-overlay uk-overlay-hover \">\n\n            <img loading=\"lazy\" decoding=\"async\" src=\"\/wp-content\/plugins\/widgetkit\/cache\/AD-370-8f5a38327d9dbf6137980bb50f87d3a4.jpg\" class=\"uk-overlay-scale\" alt=\"A-370 \/ AD-370\" width=\"300\" height=\"300\">\n            \n                        <div class=\"uk-overlay-panel uk-overlay-background uk-overlay-fade\"><\/div>\n            \n                            <div class=\"uk-overlay-panel uk-overlay-icon uk-overlay-fade\"><\/div>\n            \n                                                                        <a class=\"uk-position-cover\" href=\"\/wp-content\/uploads\/2022\/12\/AD-370.jpg\" data-lightbox-type=\"image\" data-uk-lightbox=\"{group:'.wk-11b5'}\" title=\"A-370 \/ AD-370\"><\/a>\n                                                \n        <\/figure>\n\n    <\/div>\n\n    \n        \n        \n    \n<\/div>\n    <\/div>\n\n        \n    <div>\n    \n<div class=\"uk-panel\">\n\n    <div class=\"uk-panel-teaser\">\n\n        <figure class=\"uk-overlay uk-overlay-hover \">\n\n            <img loading=\"lazy\" decoding=\"async\" src=\"\/wp-content\/plugins\/widgetkit\/cache\/A-600-68202352ff6c68dc3306a80e53c3abd5.jpg\" class=\"uk-overlay-scale\" alt=\"A-600 \/ AD-600\" width=\"300\" height=\"300\">\n            \n                        <div class=\"uk-overlay-panel uk-overlay-background uk-overlay-fade\"><\/div>\n            \n                            <div class=\"uk-overlay-panel uk-overlay-icon uk-overlay-fade\"><\/div>\n            \n                                                                        <a class=\"uk-position-cover\" href=\"\/wp-content\/uploads\/2022\/12\/A-600.jpg\" data-lightbox-type=\"image\" data-uk-lightbox=\"{group:'.wk-11b5'}\" title=\"A-600 \/ AD-600\"><\/a>\n                                                \n        <\/figure>\n\n    <\/div>\n\n    \n        \n        \n    \n<\/div>\n    <\/div>\n\n        \n    <div>\n    \n<div class=\"uk-panel\">\n\n    <div class=\"uk-panel-teaser\">\n\n        <figure class=\"uk-overlay uk-overlay-hover \">\n\n            <img loading=\"lazy\" decoding=\"async\" src=\"\/wp-content\/plugins\/widgetkit\/cache\/AD-1200-e1187815d71f677b8e9bbce65918d876.jpg\" class=\"uk-overlay-scale\" alt=\"A-1200 \/ AD-1200\" width=\"300\" height=\"300\">\n            \n                        <div class=\"uk-overlay-panel uk-overlay-background uk-overlay-fade\"><\/div>\n            \n                            <div class=\"uk-overlay-panel uk-overlay-icon uk-overlay-fade\"><\/div>\n            \n                                                                        <a class=\"uk-position-cover\" href=\"\/wp-content\/uploads\/2022\/12\/AD-1200.jpg\" data-lightbox-type=\"image\" data-uk-lightbox=\"{group:'.wk-11b5'}\" title=\"A-1200 \/ AD-1200\"><\/a>\n                                                \n        <\/figure>\n\n    <\/div>\n\n    \n        \n        \n    \n<\/div>\n    <\/div>\n\n    \n<\/div>\n\n\n<script>\n(function($){\n\n    \/\/ get the images of the gallery and replace it by a canvas of the same size to fix the problem with overlapping images on load.\n    $('img[width][height]:not(.uk-overlay-panel)', $('#wk-grid1b5')).each(function() {\n\n        var $img = $(this);\n\n        if (this.width == 'auto' || this.height == 'auto' || !$img.is(':visible')) {\n            return;\n        }\n\n        var $canvas = $('<canvas class=\"uk-responsive-width\"><\/canvas>').attr({width:$img.attr('width'), height:$img.attr('height')}),\n            img = new Image,\n            release = function() {\n                $canvas.remove();\n                $img.css('display', '');\n                release = function(){};\n            };\n\n        $img.css('display', 'none').after($canvas);\n\n        $(img).on('load', function(){ release(); });\n        setTimeout(function(){ release(); }, 1000);\n\n        img.src = this.src;\n\n    });\n\n})(jQuery);\n<\/script>\n[\/vc_column_text][\/vc_column][\/vc_row][vc_row][vc_column][vc_column_text]<img loading=\"lazy\" decoding=\"async\" class=\"alignright wp-image-294\" title=\"Trockenlagerschr\u00e4nke f\u00fcr Labors\" src=\"http:\/\/labvector.de\/wp-content\/uploads\/2022\/12\/Laboratory-dry-drag-storage-cabinets.jpg\" alt=\"Trockenlagerschr\u00e4nke f\u00fcr Labors\" width=\"300\" height=\"473\" srcset=\"https:\/\/labvector.de\/wp-content\/uploads\/2022\/12\/Laboratory-dry-drag-storage-cabinets.jpg 400w, https:\/\/labvector.de\/wp-content\/uploads\/2022\/12\/Laboratory-dry-drag-storage-cabinets-190x300.jpg 190w\" sizes=\"auto, (max-width: 300px) 100vw, 300px\" \/>Die gesamte Serie von Labor-Medikamentenlagerschr\u00e4nken verwendet SUS # 304 Edelstahl mit einer s\u00e4ure- und alkalibest\u00e4ndigen Pulverbeschichtung.<\/p>\n<ul>\n<li>Es gibt ein Design, das verhindert, dass sich die Schubladen von der Gleitschiene l\u00f6sen.<\/li>\n<li>Kollisionssicher f\u00fcr die gelagerten Medikamente: Je zwei vorne und hinten; Jeweils eine links und rechts; Verstellbare Trennw\u00e4nde.<\/li>\n<li>Einstellbare Anti-Schock-Knopfsauger f\u00fcr den Boden.<\/li>\n<\/ul>\n<ol>\n<li>Der Medikamentenschrank verf\u00fcgt \u00fcber ein eingebautes 24-Stunden-Abgasreinigungssystem.<\/li>\n<li>Es gibt ein spezielles internes Zirkulations- und Reinigungssystem, das keine Verbindung zu einer externen Abgasleitung ben\u00f6tigt und keine Abgasemissionen oder Umweltverschmutzungen verursacht.<\/li>\n<li>Es gibt eine spezielle Druckdifferenzmessung zur Bestimmung der Einsatzbedingungen von Filtern.<\/li>\n<li>Es gibt mehrere Arten von Absorptionsfiltern.<\/li>\n<li>Es gibt einen ger\u00e4uschfreien Mehrblattl\u00fcfter, um zu verhindern, dass der Motor im Leerlauf l\u00e4uft.<\/li>\n<li>Der Schrank ist vollst\u00e4ndig luftdicht, so dass kein schlechter Geruch austritt.<\/li>\n<li>Die oben \/ unten verstellbaren F\u00e4cher vom Schubladentyp bieten flexiblen Platz.<\/li>\n<\/ol>\n<p>[\/vc_column_text][\/vc_column][\/vc_row][vc_row][vc_column][vc_column_text el_class=&#8220;table_block&#8220;]<\/p>\n<h2>Spezifika&shy;tionen<\/h2>\n<table width=\"624\">\n<tbody>\n<tr>\n<td style=\"text-align: left;\" width=\"127\">Modell&shy;nummer<\/td>\n<td style=\"text-align: left;\" width=\"252\">Spezi&shy;fikatio&shy;nen<\/td>\n<td style=\"text-align: left;\" width=\"127\">Entfeuchtung<\/td>\n<td style=\"text-align: left;\" width=\"118\">Verschiebbare Regale<\/td>\n<\/tr>\n<tr>\n<td style=\"text-align: left;\" width=\"127\">A-370<\/td>\n<td style=\"text-align: left;\" rowspan=\"2\" width=\"252\">Au\u00dfen: H1380xW600xD660 mm<br \/>\nInnen: H980xW598xD630 mm<br \/>\nBewegliche R\u00e4der<\/td>\n<td style=\"text-align: left;\" width=\"127\">N\/A<\/td>\n<td style=\"text-align: left;\" rowspan=\"2\" width=\"118\">X3<\/td>\n<\/tr>\n<tr>\n<td style=\"text-align: left;\" width=\"127\">AD-370<\/td>\n<td style=\"text-align: left;\" width=\"127\">Ja<\/td>\n<\/tr>\n<tr>\n<td style=\"text-align: left;\" width=\"127\">A-600<\/td>\n<td style=\"text-align: left;\" rowspan=\"2\" width=\"252\">Au\u00dfen: H1975xW600xD660 mm<br \/>\nInnen: H1575xW598xD630 mm<br \/>\nBewegliche R\u00e4der<\/td>\n<td style=\"text-align: left;\" width=\"127\">N\/A<\/td>\n<td style=\"text-align: left;\" rowspan=\"2\" width=\"118\">X4<\/td>\n<\/tr>\n<tr>\n<td style=\"text-align: left;\" width=\"127\">AD-600<\/td>\n<td style=\"text-align: left;\" width=\"127\">Ja<\/td>\n<\/tr>\n<tr>\n<td style=\"text-align: left;\" width=\"127\">A-1200<\/td>\n<td style=\"text-align: left;\" rowspan=\"2\" width=\"252\">Au\u00dfen: H1975xW1200xD660 mm<br \/>\nInnen: H1575xW1198xD630 mm<br \/>\nBewegliche R\u00e4der<\/td>\n<td style=\"text-align: left;\" width=\"127\">N\/A<\/td>\n<td style=\"text-align: left;\" rowspan=\"2\" width=\"118\">X8<\/td>\n<\/tr>\n<tr>\n<td style=\"text-align: left;\" width=\"127\">AD-1200<\/td>\n<td style=\"text-align: left;\" width=\"127\">Ja<\/td>\n<\/tr>\n<\/tbody>\n<\/table>\n<p>[\/vc_column_text][\/vc_column][\/vc_row]<\/p>\n","protected":false},"excerpt":{"rendered":"<p>[vc_row][vc_column][vc_column_text]Dies ist f\u00fcr Luftfilterung, Anti-Schock, Anti-Feuchtigkeit und entspricht dem \u00f6ffentlichen Sicherheitsstandard und auch f\u00fcr den Einsatz im Labor. Beschreibung der angewandten Artikel. Die chemischen Drogen haben Fl\u00fcchtigkeit, \u00e4tzende, eigenartige Ger\u00fcche, reizende und starke S\u00e4ure und Lauge.[\/vc_column_text][\/vc_column][\/vc_row][vc_row][vc_column][vc_column_text][\/vc_column_text][\/vc_column][\/vc_row][vc_row][vc_column][vc_column_text]Die gesamte Serie von Labor-Medikamentenlagerschr\u00e4nken verwendet SUS # 304 Edelstahl mit einer s\u00e4ure- und alkalibest\u00e4ndigen Pulverbeschichtung. Es gibt ein Design, [&hellip;]<\/p>\n","protected":false},"author":3,"featured_media":0,"parent":73,"menu_order":0,"comment_status":"closed","ping_status":"closed","template":"","meta":{"footnotes":""},"class_list":["post-290","page","type-page","status-publish","hentry"],"translation":{"provider":"WPGlobus","version":"3.0.2","language":"de","enabled_languages":["en","de"],"languages":{"en":{"title":true,"content":true,"excerpt":false},"de":{"title":true,"content":true,"excerpt":false}}},"aioseo_notices":[],"_links":{"self":[{"href":"https:\/\/labvector.de\/de\/wp-json\/wp\/v2\/pages\/290","targetHints":{"allow":["GET"]}}],"collection":[{"href":"https:\/\/labvector.de\/de\/wp-json\/wp\/v2\/pages"}],"about":[{"href":"https:\/\/labvector.de\/de\/wp-json\/wp\/v2\/types\/page"}],"author":[{"embeddable":true,"href":"https:\/\/labvector.de\/de\/wp-json\/wp\/v2\/users\/3"}],"replies":[{"embeddable":true,"href":"https:\/\/labvector.de\/de\/wp-json\/wp\/v2\/comments?post=290"}],"version-history":[{"count":6,"href":"https:\/\/labvector.de\/de\/wp-json\/wp\/v2\/pages\/290\/revisions"}],"predecessor-version":[{"id":581,"href":"https:\/\/labvector.de\/de\/wp-json\/wp\/v2\/pages\/290\/revisions\/581"}],"up":[{"embeddable":true,"href":"https:\/\/labvector.de\/de\/wp-json\/wp\/v2\/pages\/73"}],"wp:attachment":[{"href":"https:\/\/labvector.de\/de\/wp-json\/wp\/v2\/media?parent=290"}],"curies":[{"name":"wp","href":"https:\/\/api.w.org\/{rel}","templated":true}]}}