{"id":255,"date":"2022-12-25T14:16:26","date_gmt":"2022-12-25T14:16:26","guid":{"rendered":"http:\/\/labvector.de\/?page_id=255"},"modified":"2023-01-18T05:48:13","modified_gmt":"2023-01-18T05:48:13","slug":"ultra-low-humidity-dry-storage-cabinets","status":"publish","type":"page","link":"https:\/\/labvector.de\/de\/products\/dry-storage-cabinets\/ultra-low-humidity-dry-storage-cabinets\/","title":{"rendered":"Trockenlagerschr\u00e4nke mit extrem niedriger Luftfeuchtigkeit"},"content":{"rendered":"<p>[vc_row][vc_column][vc_column_text]Das einzigartige globale Patent und das am meisten nachgefragte Produkt unter den Elektronikfabriken.[\/vc_column_text][\/vc_column][\/vc_row][vc_row][vc_column][vc_column_text]\n\n<div id=\"wk-gride1d\" class=\"uk-grid-width-1-1 uk-grid-width-small-1-2 uk-grid-width-medium-1-2 uk-grid-width-large-1-3 uk-grid-width-xlarge-1-3 uk-grid uk-grid-match \" data-uk-grid-match=\"{target:'> div > .uk-panel', row:true}\" data-uk-grid-margin >\n\n    \n    <div>\n    \n<div class=\"uk-panel\">\n\n    <div class=\"uk-panel-teaser\">\n\n        <figure class=\"uk-overlay uk-overlay-hover \">\n\n            <img loading=\"lazy\" decoding=\"async\" src=\"\/wp-content\/plugins\/widgetkit\/cache\/SL-126CA-1-a13b3114f77d996cfd03821ce8a8f39d.jpg\" class=\"uk-overlay-scale\" alt=\"SL-126CA\" width=\"300\" height=\"300\">\n            \n                        <div class=\"uk-overlay-panel uk-overlay-background uk-overlay-fade\"><\/div>\n            \n                            <div class=\"uk-overlay-panel uk-overlay-icon uk-overlay-fade\"><\/div>\n            \n                                                                        <a class=\"uk-position-cover\" href=\"\/wp-content\/uploads\/2022\/12\/SL-126CA-1.jpg\" data-lightbox-type=\"image\" data-uk-lightbox=\"{group:'.wk-1e1d'}\" title=\"SL-126CA\"><\/a>\n                                                \n        <\/figure>\n\n    <\/div>\n\n    \n        \n        \n    \n<\/div>\n    <\/div>\n\n        \n    <div>\n    \n<div class=\"uk-panel\">\n\n    <div class=\"uk-panel-teaser\">\n\n        <figure class=\"uk-overlay uk-overlay-hover \">\n\n            <img loading=\"lazy\" decoding=\"async\" src=\"\/wp-content\/plugins\/widgetkit\/cache\/SL-206CA-1-d87f66ea38309778e30d03a11be6f24e.jpg\" class=\"uk-overlay-scale\" alt=\"SL-206CA\" width=\"300\" height=\"300\">\n            \n                        <div class=\"uk-overlay-panel uk-overlay-background uk-overlay-fade\"><\/div>\n            \n                            <div class=\"uk-overlay-panel uk-overlay-icon uk-overlay-fade\"><\/div>\n            \n                                                                        <a class=\"uk-position-cover\" href=\"\/wp-content\/uploads\/2022\/12\/SL-206CA-1.jpg\" data-lightbox-type=\"image\" data-uk-lightbox=\"{group:'.wk-1e1d'}\" title=\"SL-206CA\"><\/a>\n                                                \n        <\/figure>\n\n    <\/div>\n\n    \n        \n        \n    \n<\/div>\n    <\/div>\n\n        \n    <div>\n    \n<div class=\"uk-panel\">\n\n    <div class=\"uk-panel-teaser\">\n\n        <figure class=\"uk-overlay uk-overlay-hover \">\n\n            <img loading=\"lazy\" decoding=\"async\" src=\"\/wp-content\/plugins\/widgetkit\/cache\/SL-306CA-1-1cb69a14e2878fee300dd43f539a00c6.jpg\" class=\"uk-overlay-scale\" alt=\"SL-306CA\" width=\"300\" height=\"300\">\n            \n                        <div class=\"uk-overlay-panel uk-overlay-background uk-overlay-fade\"><\/div>\n            \n                            <div class=\"uk-overlay-panel uk-overlay-icon uk-overlay-fade\"><\/div>\n            \n                                                                        <a class=\"uk-position-cover\" href=\"\/wp-content\/uploads\/2022\/12\/SL-306CA-1.jpg\" data-lightbox-type=\"image\" data-uk-lightbox=\"{group:'.wk-1e1d'}\" title=\"SL-306CA\"><\/a>\n                                                \n        <\/figure>\n\n    <\/div>\n\n    \n        \n        \n    \n<\/div>\n    <\/div>\n\n        \n    <div>\n    \n<div class=\"uk-panel\">\n\n    <div class=\"uk-panel-teaser\">\n\n        <figure class=\"uk-overlay uk-overlay-hover \">\n\n            <img loading=\"lazy\" decoding=\"async\" src=\"\/wp-content\/plugins\/widgetkit\/cache\/SL-416CA_SL-526CA-1-4eaa362105982de81fa03370ecda9445.jpg\" class=\"uk-overlay-scale\" alt=\"SL-416CA \/ SL-526CA\" width=\"300\" height=\"300\">\n            \n                        <div class=\"uk-overlay-panel uk-overlay-background uk-overlay-fade\"><\/div>\n            \n                            <div class=\"uk-overlay-panel uk-overlay-icon uk-overlay-fade\"><\/div>\n            \n                                                                        <a class=\"uk-position-cover\" href=\"\/wp-content\/uploads\/2022\/12\/SL-416CA_SL-526CA-1.jpg\" data-lightbox-type=\"image\" data-uk-lightbox=\"{group:'.wk-1e1d'}\" title=\"SL-416CA \/ SL-526CA\"><\/a>\n                                                \n        <\/figure>\n\n    <\/div>\n\n    \n        \n        \n    \n<\/div>\n    <\/div>\n\n        \n    <div>\n    \n<div class=\"uk-panel\">\n\n    <div class=\"uk-panel-teaser\">\n\n        <figure class=\"uk-overlay uk-overlay-hover \">\n\n            <img loading=\"lazy\" decoding=\"async\" src=\"\/wp-content\/plugins\/widgetkit\/cache\/SL-450CA-1-e41c8601b3d463a54b1122bd647e22e6.jpg\" class=\"uk-overlay-scale\" alt=\"SL-450CA\" width=\"300\" height=\"300\">\n            \n                        <div class=\"uk-overlay-panel uk-overlay-background uk-overlay-fade\"><\/div>\n            \n                            <div class=\"uk-overlay-panel uk-overlay-icon uk-overlay-fade\"><\/div>\n            \n                                                                        <a class=\"uk-position-cover\" href=\"\/wp-content\/uploads\/2022\/12\/SL-450CA-1.jpg\" data-lightbox-type=\"image\" data-uk-lightbox=\"{group:'.wk-1e1d'}\" title=\"SL-450CA\"><\/a>\n                                                \n        <\/figure>\n\n    <\/div>\n\n    \n        \n        \n    \n<\/div>\n    <\/div>\n\n        \n    <div>\n    \n<div class=\"uk-panel\">\n\n    <div class=\"uk-panel-teaser\">\n\n        <figure class=\"uk-overlay uk-overlay-hover \">\n\n            <img loading=\"lazy\" decoding=\"async\" src=\"\/wp-content\/plugins\/widgetkit\/cache\/SL-680CA-1-39b8838ebd37aabbc17e152c75cb6fd3.jpg\" class=\"uk-overlay-scale\" alt=\"SL-680CA\" width=\"300\" height=\"300\">\n            \n                        <div class=\"uk-overlay-panel uk-overlay-background uk-overlay-fade\"><\/div>\n            \n                            <div class=\"uk-overlay-panel uk-overlay-icon uk-overlay-fade\"><\/div>\n            \n                                                                        <a class=\"uk-position-cover\" href=\"\/wp-content\/uploads\/2022\/12\/SL-680CA-1.jpg\" data-lightbox-type=\"image\" data-uk-lightbox=\"{group:'.wk-1e1d'}\" title=\"SL-680CA\"><\/a>\n                                                \n        <\/figure>\n\n    <\/div>\n\n    \n        \n        \n    \n<\/div>\n    <\/div>\n\n        \n    <div>\n    \n<div class=\"uk-panel\">\n\n    <div class=\"uk-panel-teaser\">\n\n        <figure class=\"uk-overlay uk-overlay-hover \">\n\n            <img loading=\"lazy\" decoding=\"async\" src=\"\/wp-content\/plugins\/widgetkit\/cache\/SL-1336CA-1-25cd6ac560ee19a30c919177552f1d51.jpg\" class=\"uk-overlay-scale\" alt=\"SL-1336CA\" width=\"300\" height=\"300\">\n            \n                        <div class=\"uk-overlay-panel uk-overlay-background uk-overlay-fade\"><\/div>\n            \n                            <div class=\"uk-overlay-panel uk-overlay-icon uk-overlay-fade\"><\/div>\n            \n                                                                        <a class=\"uk-position-cover\" href=\"\/wp-content\/uploads\/2022\/12\/SL-1336CA-1.jpg\" data-lightbox-type=\"image\" data-uk-lightbox=\"{group:'.wk-1e1d'}\" title=\"SL-1336CA\"><\/a>\n                                                \n        <\/figure>\n\n    <\/div>\n\n    \n        \n        \n    \n<\/div>\n    <\/div>\n\n    \n<\/div>\n\n\n<script>\n(function($){\n\n    \/\/ get the images of the gallery and replace it by a canvas of the same size to fix the problem with overlapping images on load.\n    $('img[width][height]:not(.uk-overlay-panel)', $('#wk-gride1d')).each(function() {\n\n        var $img = $(this);\n\n        if (this.width == 'auto' || this.height == 'auto' || !$img.is(':visible')) {\n            return;\n        }\n\n        var $canvas = $('<canvas class=\"uk-responsive-width\"><\/canvas>').attr({width:$img.attr('width'), height:$img.attr('height')}),\n            img = new Image,\n            release = function() {\n                $canvas.remove();\n                $img.css('display', '');\n                release = function(){};\n            };\n\n        $img.css('display', 'none').after($canvas);\n\n        $(img).on('load', function(){ release(); });\n        setTimeout(function(){ release(); }, 1000);\n\n        img.src = this.src;\n\n    });\n\n})(jQuery);\n<\/script>\n[\/vc_column_text][\/vc_column][\/vc_row][vc_row][vc_column][vc_column_text el_class=&#8220;table_block&#8220;]<\/p>\n<h2>Die patentierte bewegliche luftdichte S\u00e4ule von EDRY<\/h2>\n<table>\n<tbody>\n<tr style=\"border: 0;\">\n<td style=\"border: 0;\" width=\"156\"><img loading=\"lazy\" decoding=\"async\" class=\"alignnone size-full wp-image-264\" src=\"http:\/\/labvector.de\/wp-content\/uploads\/2022\/12\/001.jpg\" alt=\"EDRY\u2019s patented\" width=\"308\" height=\"176\" srcset=\"https:\/\/labvector.de\/wp-content\/uploads\/2022\/12\/001.jpg 308w, https:\/\/labvector.de\/wp-content\/uploads\/2022\/12\/001-300x171.jpg 300w\" sizes=\"auto, (max-width: 308px) 100vw, 308px\" \/><\/td>\n<td style=\"border: 0;\" width=\"156\"><img loading=\"lazy\" decoding=\"async\" class=\"alignnone size-full wp-image-265\" src=\"http:\/\/labvector.de\/wp-content\/uploads\/2022\/12\/002-double-door.jpg\" alt=\"Usually the double-door\" width=\"308\" height=\"176\" srcset=\"https:\/\/labvector.de\/wp-content\/uploads\/2022\/12\/002-double-door.jpg 308w, https:\/\/labvector.de\/wp-content\/uploads\/2022\/12\/002-double-door-300x171.jpg 300w\" sizes=\"auto, (max-width: 308px) 100vw, 308px\" \/><\/td>\n<td style=\"border: 0;\" width=\"156\"><img loading=\"lazy\" decoding=\"async\" class=\"alignnone size-full wp-image-266\" src=\"http:\/\/labvector.de\/wp-content\/uploads\/2022\/12\/003-The-strengthened-steel-board.jpg\" alt=\"The strengthened steel board\" width=\"308\" height=\"176\" srcset=\"https:\/\/labvector.de\/wp-content\/uploads\/2022\/12\/003-The-strengthened-steel-board.jpg 308w, https:\/\/labvector.de\/wp-content\/uploads\/2022\/12\/003-The-strengthened-steel-board-300x171.jpg 300w\" sizes=\"auto, (max-width: 308px) 100vw, 308px\" \/><\/td>\n<td style=\"border: 0;\" width=\"156\"><img loading=\"lazy\" decoding=\"async\" class=\"alignnone size-full wp-image-267\" src=\"http:\/\/labvector.de\/wp-content\/uploads\/2022\/12\/004-The-door-panel.jpg\" alt=\"The right door panel\" width=\"308\" height=\"176\" srcset=\"https:\/\/labvector.de\/wp-content\/uploads\/2022\/12\/004-The-door-panel.jpg 308w, https:\/\/labvector.de\/wp-content\/uploads\/2022\/12\/004-The-door-panel-300x171.jpg 300w\" sizes=\"auto, (max-width: 308px) 100vw, 308px\" \/><\/td>\n<\/tr>\n<tr style=\"border: 0;\">\n<td style=\"border: 0px none; text-align: left;\" valign=\"top\" width=\"156\">Die patentierte luftdichte Aktivit\u00e4tss\u00e4ule von EDRY erm\u00f6glicht die einfache Aufbewahrung von Gegenst\u00e4nden mit einer gr\u00f6\u00dferen Breite.<\/td>\n<td style=\"border: 0px none; text-align: left;\" valign=\"top\" width=\"156\">Normalerweise hat der feuchtigkeitsgesch\u00fctzte Schrank mit Doppelt\u00fcr aus Gr\u00fcnden der Luftdichtheit eine Mittels\u00e4ule, aber diese Konstruktion ist nicht gut f\u00fcr die Aufbewahrung gro\u00dfer Gegenst\u00e4nde.<\/td>\n<td style=\"border: 0px none; text-align: left;\" valign=\"top\" width=\"156\">Die verst\u00e4rkte Stahlplatte hat eine langlebige und solide Struktur.<\/td>\n<td style=\"border: 0px none; text-align: left;\" valign=\"top\" width=\"156\">Sie k\u00f6nnen entweder die linke oder die rechte T\u00fcrverkleidung \u00f6ffnen.<\/td>\n<\/tr>\n<\/tbody>\n<\/table>\n<p>Superschnelle Erholungszeit innerhalb von 5 Minuten.  Der Ultra-Low-Trockenschrank von EDRY (10 % RH oder weniger) wird vollst\u00e4ndig gem\u00e4\u00df den Standards von IPC\/JEDEC J-STD-033 f\u00fcr die Verwaltung der integrierten IC-Schaltung hergestellt.<\/p>\n<p>Neues Patent: Es kann ohne Stickstoffgas, Kompressor und Hochtemperaturbacken entfeuchten<\/p>\n<p>Farboption: Grau &amp; Schwarz<\/p>\n<p>Das Modell verf\u00fcgt \u00fcber eine Option zum schnellen Zur\u00fccksetzen der Feuchtigkeit zum \u00d6ffnen der T\u00fcr f\u00fcr 30 Sekunden, 5 Minuten, 15 Minuten oder 30 Minuten.<\/p>\n<h2>Optionales Zubeh\u00f6r<\/h2>\n<ol>\n<li>Die antistatische Farbe 106\uff5e109\u03a9 (Oberfl\u00e4chenwiderstandswert)<\/li>\n<li>Das antistatische Glas<\/li>\n<li>Die antistatische R\u00e4dersuite x4 Elektrostatischer Erdungsdraht<\/li>\n<\/ol>\n<p>[\/vc_column_text][\/vc_column][\/vc_row][vc_row][vc_column][vc_column_text el_class=&#8220;table_block&#8220;]<\/p>\n<h2>Extrem schnelle Trocknungsleistung<\/h2>\n<p>Industrielle Austrocknung und Feuchtigkeitsschutz m\u00fcssen schnell und stabil sein. EDRY ist weltweit f\u00fchrend bei der Markteinf\u00fchrung der extrem schnell trocknenden Haupttrockeneinheit mit extrem niedriger Luftfeuchtigkeit, um den Feuchtigkeitsgehalt innerhalb von 5 Minuten auf weniger als 10 % zu senken und \u00fcber einen langen Zeitraum einen stabilen niedrigsten Feuchtigkeitsgehalt von 1 % RH aufrechtzuerhalten. Eine Stunde nach dem Einschalten h\u00e4lt es selbst bei Stromunterbrechung \u00fcber einen Zeitraum von 24 Stunden eine Luftfeuchtigkeit von weniger als 15 % relative Luftfeuchtigkeit aufrecht. Es kann die Stickstofff\u00fcllung und andere Trockenluftger\u00e4te vollst\u00e4ndig ersetzen.<\/p>\n<table width=\"623\">\n<tbody>\n<tr style=\"border: 0;\">\n<td style=\"border: 0;\" width=\"311\"><img loading=\"lazy\" decoding=\"async\" class=\"alignleft wp-image-268\" src=\"http:\/\/labvector.de\/wp-content\/uploads\/2022\/12\/10-gas-control-equipment.jpg\" alt=\"Filled with nitrogen gas control equipment\" width=\"382\" height=\"298\" srcset=\"https:\/\/labvector.de\/wp-content\/uploads\/2022\/12\/10-gas-control-equipment.jpg 392w, https:\/\/labvector.de\/wp-content\/uploads\/2022\/12\/10-gas-control-equipment-300x234.jpg 300w\" sizes=\"auto, (max-width: 382px) 100vw, 382px\" \/><\/td>\n<td style=\"border: 0;\" width=\"312\"><img loading=\"lazy\" decoding=\"async\" class=\"alignleft wp-image-269\" src=\"http:\/\/labvector.de\/wp-content\/uploads\/2022\/12\/012-Optional-accessories.jpg\" alt=\"Optional accessories\" width=\"463\" height=\"298\" srcset=\"https:\/\/labvector.de\/wp-content\/uploads\/2022\/12\/012-Optional-accessories.jpg 463w, https:\/\/labvector.de\/wp-content\/uploads\/2022\/12\/012-Optional-accessories-300x193.jpg 300w\" sizes=\"auto, (max-width: 463px) 100vw, 463px\" \/><\/td>\n<\/tr>\n<tr style=\"border: 0;\">\n<td style=\"border: 0px none; text-align: left;\" valign=\"top\" width=\"311\">Gef\u00fcllt mit Stickstoffgasregelger\u00e4ten<\/td>\n<td style=\"border: 0px none; text-align: left;\" valign=\"top\" width=\"312\">Optionales Zubeh\u00f6r f\u00fcr Lastgewichtsregale: Widerstand, schwere Regalregale (Optional)<br \/>\nSpezialstahlregale, kann mehr als 200 kg belasten<\/td>\n<\/tr>\n<\/tbody>\n<\/table>\n<p>Kabinett mit extrem niedriger Luftfeuchtigkeit: Ultraschneller Feuchtigkeitsr\u00fcckkehrtest<\/p>\n<p>Nach dem \u00d6ffnen der T\u00fcr f\u00fcr 30 Sekunden kann die Luftfeuchtigkeit innerhalb von 5 Minuten auf 10 % RH zur\u00fcckfallen.[\/vc_column_text][\/vc_column][\/vc_row][vc_row][vc_column][vc_single_image image=&#8220;270&#8243; img_size=&#8220;700&#215;376&#8243; onclick=&#8220;link_image&#8220;][\/vc_column][\/vc_row][vc_row][vc_column][vc_column_text el_class=&#8220;table_block&#8220;]<em>Test model SL-1336CA<\/em><\/p>\n<p>&nbsp;<\/p>\n<p>Die Umgebung hat eine Luftfeuchtigkeit von 55 % RH, eine Temperatur zwischen 25 und 37 \u2103, und der Test besteht darin, die T\u00fcr 30 Sekunden lang zu \u00f6ffnen, um die Geschwindigkeit der Feuchtigkeitsr\u00fcckkehr zu testen.  Abh\u00e4ngig von externen Temperatur\u00e4nderungen k\u00f6nnen die Testergebnisse variieren.<\/p>\n<table width=\"652\">\n<tbody>\n<tr>\n<td style=\"text-align: left;\" width=\"142\">Artikelwiederherstellungszeit<\/td>\n<td style=\"text-align: left;\" width=\"170\">Kehren Sie innerhalb von 5 Minuten zu 10 % relativer Luftfeuchtigkeit oder darunter zur\u00fcck<\/td>\n<td style=\"text-align: left;\" width=\"170\">Kehren Sie innerhalb von 15 Minuten zu 10 % relativer Luftfeuchtigkeit oder darunter zur\u00fcck<\/td>\n<td style=\"text-align: left;\" width=\"170\">Kehren Sie innerhalb von 30 Minuten zu 10 % relativer Luftfeuchtigkeit oder darunter zur\u00fcck<\/td>\n<\/tr>\n<tr>\n<td style=\"text-align: left;\" width=\"142\">Modellnummer<\/td>\n<td style=\"text-align: left;\" width=\"170\">SL-Serie<\/td>\n<td style=\"text-align: left;\" width=\"170\">ML-Serie<\/td>\n<td style=\"text-align: left;\" width=\"170\">TL-Serie<\/td>\n<\/tr>\n<tr>\n<td style=\"text-align: left;\" width=\"142\">Haltbarkeit des Entfeuchtungskerns (unter der Bedingung, dass die T\u00fcr geschlossen ist.)<\/td>\n<td style=\"text-align: left;\" width=\"170\">Dauer f\u00fcr die Aufrechterhaltung der RH:<br \/>\nDas Ergebnis kann mehr als 70 Stunden anhalten.<\/td>\n<td style=\"text-align: left;\" width=\"170\">Dauer f\u00fcr die Aufrechterhaltung der RH:<br \/>\nDas Ergebnis kann l\u00e4nger als 46 Stunden anhalten.<\/td>\n<td style=\"text-align: left;\" width=\"170\">Dauer f\u00fcr die Aufrechterhaltung der RH:<br \/>\nDas Ergebnis kann l\u00e4nger als 26 Stunden anhalten.<\/td>\n<\/tr>\n<tr>\n<td style=\"text-align: left;\" width=\"142\">H\u00e4ufigkeit des \u00d6ffnens\/ Schlie\u00dfens der T\u00fcr<\/td>\n<td style=\"text-align: left;\" width=\"170\">Einmal alle 20 bis 30 Minuten<br \/>\n(h\u00e4ufiges \u00d6ffnen der T\u00fcr, z. B. mehr als 5 Mal am Tag)<\/td>\n<td style=\"text-align: left;\" width=\"170\">Einmal alle 40 bis 90 Minuten<br \/>\n(h\u00e4ufiges \u00d6ffnen der T\u00fcr, z. B. mehr als 3 Mal am Tag)<\/td>\n<td style=\"text-align: left;\" width=\"170\">Einmal alle 90 bis 180 Uhr<br \/>\n(Die T\u00fcr wird h\u00f6chstens zweimal am Tag ge\u00f6ffnet)<\/td>\n<\/tr>\n<tr>\n<td style=\"text-align: left;\" width=\"142\">Niedrigste Luftfeuchtigkeit (RH)<\/td>\n<td style=\"text-align: left;\" colspan=\"3\" width=\"510\">Der Feuchtigkeitsgehalt kann auf 1 % relative Luftfeuchtigkeit oder weniger reduziert und \u00fcber einen langen Zeitraum gehalten werden.<\/td>\n<\/tr>\n<tr>\n<td style=\"text-align: left;\" width=\"142\">Anwendungsbereich<\/td>\n<td style=\"text-align: left;\" width=\"170\">1. Feuchtigkeitsschutzmanagement f\u00fcr einen MSD-Elementmontageort mit einer hohen T\u00fcr\u00f6ffnungs-\/ Schlie\u00dffrequenz<\/p>\n<p>2. Kein Hochtemperaturbacken;  Feuchtigkeitsbest\u00e4ndiges Management von Gegenst\u00e4nden mit hohem Feuchtigkeitsgehalt<\/td>\n<td style=\"text-align: left;\" width=\"170\">1. Feuchtigkeitsschutzmanagement f\u00fcr einen allgemeinen Montageort f\u00fcr MSD-Elemente<\/td>\n<td style=\"text-align: left;\" width=\"170\">1. Feuchtigkeitsschutzmanagement f\u00fcr einen Montageort von MSD-Elementen mit geringer T\u00fcr\u00f6ffnungs-\/ Schlie\u00dffrequen<\/p>\n<p>2. Langfristige feuchtigkeitsgesch\u00fctzte Lagerung von MSD-Elementen mit geringer Feuchtigkeit<\/td>\n<\/tr>\n<\/tbody>\n<\/table>\n<p>&nbsp;<\/p>\n<h2>Spezifikationen<\/h2>\n<table width=\"505\">\n<tbody>\n<tr>\n<td style=\"text-align: left;\" width=\"127\">Model Number<\/td>\n<td style=\"text-align: left;\" width=\"252\">Spezifikationen<\/td>\n<td style=\"text-align: left;\" width=\"127\">Adjustable shelves<\/td>\n<\/tr>\n<tr>\n<td style=\"text-align: left;\" width=\"127\">SL-126CA<\/td>\n<td style=\"text-align: left;\" width=\"252\">Au\u00dfen: H890xW400xD410 mm<br \/>\nInnen: H815xW395xD400 mm<br \/>\nInhalt: 128L Activities wheels suite<\/td>\n<td style=\"text-align: left;\" width=\"127\">X3<\/td>\n<\/tr>\n<tr>\n<td style=\"text-align: left;\" width=\"127\">SL-206CA<\/td>\n<td style=\"text-align: left;\" width=\"252\">Au\u00dfen: H970xW590xD500 mm<br \/>\nInnen: H890xW580xD470 mm<br \/>\nInhalt: 243L Activities wheels suite<\/td>\n<td style=\"text-align: left;\" width=\"127\">X3<\/td>\n<\/tr>\n<tr>\n<td style=\"text-align: left;\" width=\"127\">SL-306CA<\/td>\n<td style=\"text-align: left;\" width=\"252\">Au\u00dfen: H970xW880xD500 mm<br \/>\nInnen: H890xW870xD470 mm<br \/>\nInhalt: 365L Activities wheels suite<\/td>\n<td style=\"text-align: left;\" width=\"127\">X3<\/td>\n<\/tr>\n<tr>\n<td style=\"text-align: left;\" width=\"127\">SL-416CA<\/td>\n<td style=\"text-align: left;\" width=\"252\">Au\u00dfen: H970xW1180xD500 mm<br \/>\nInnen: H890xW1168xD470 mm<br \/>\nInhalt: 490L<\/td>\n<td style=\"text-align: left;\" width=\"127\">X3<\/td>\n<\/tr>\n<tr>\n<td style=\"text-align: left;\" width=\"127\">SL-450CA<\/td>\n<td style=\"text-align: left;\" width=\"252\">Au\u00dfen: H1350xW600xD660 mm<br \/>\nInnen: H1200xW590xD630 mm<br \/>\nInhalt: 450L Activities wheels suite<\/td>\n<td style=\"text-align: left;\" width=\"127\">X3<\/td>\n<\/tr>\n<tr>\n<td style=\"text-align: left;\" width=\"127\">SL-526CA<\/td>\n<td style=\"text-align: left;\" width=\"252\">Au\u00dfen: H970xW1400xD500 mm<br \/>\nInnen: H890xW1398xD470 mm<br \/>\nInhalt: 585L<\/td>\n<td style=\"text-align: left;\" width=\"127\">X3<\/td>\n<\/tr>\n<tr>\n<td style=\"text-align: left;\" width=\"127\">SL-680CA<\/td>\n<td style=\"text-align: left;\" width=\"252\">Au\u00dfen: H1950xW600xD660 mm<br \/>\nInnen: H1800xW590xD630 mm<br \/>\nInhalt: 680L Activities wheels suite<\/td>\n<td style=\"text-align: left;\" width=\"127\">X5<\/td>\n<\/tr>\n<tr>\n<td style=\"text-align: left;\" width=\"127\">SL-1336CA<\/td>\n<td style=\"text-align: left;\" width=\"252\">Au\u00dfen: H1950xW1200xD660 mm<br \/>\nInnen: H1800xW1198xD630 mm<br \/>\nInhalt: 1360L Activities wheels suite<\/td>\n<td style=\"text-align: left;\" width=\"127\">X5<\/td>\n<\/tr>\n<\/tbody>\n<\/table>\n<p>[\/vc_column_text][\/vc_column][\/vc_row]<\/p>\n","protected":false},"excerpt":{"rendered":"<p>[vc_row][vc_column][vc_column_text]Das einzigartige globale Patent und das am meisten nachgefragte Produkt unter den Elektronikfabriken.[\/vc_column_text][\/vc_column][\/vc_row][vc_row][vc_column][vc_column_text][\/vc_column_text][\/vc_column][\/vc_row][vc_row][vc_column][vc_column_text el_class=&#8220;table_block&#8220;] Die patentierte bewegliche luftdichte S\u00e4ule von EDRY Die patentierte luftdichte Aktivit\u00e4tss\u00e4ule von EDRY erm\u00f6glicht die einfache Aufbewahrung von Gegenst\u00e4nden mit einer gr\u00f6\u00dferen Breite. Normalerweise hat der feuchtigkeitsgesch\u00fctzte Schrank mit Doppelt\u00fcr aus Gr\u00fcnden der Luftdichtheit eine Mittels\u00e4ule, aber diese Konstruktion ist nicht [&hellip;]<\/p>\n","protected":false},"author":3,"featured_media":0,"parent":73,"menu_order":0,"comment_status":"closed","ping_status":"closed","template":"","meta":{"footnotes":""},"class_list":["post-255","page","type-page","status-publish","hentry"],"translation":{"provider":"WPGlobus","version":"3.0.2","language":"de","enabled_languages":["en","de"],"languages":{"en":{"title":true,"content":true,"excerpt":false},"de":{"title":true,"content":true,"excerpt":false}}},"aioseo_notices":[],"_links":{"self":[{"href":"https:\/\/labvector.de\/de\/wp-json\/wp\/v2\/pages\/255","targetHints":{"allow":["GET"]}}],"collection":[{"href":"https:\/\/labvector.de\/de\/wp-json\/wp\/v2\/pages"}],"about":[{"href":"https:\/\/labvector.de\/de\/wp-json\/wp\/v2\/types\/page"}],"author":[{"embeddable":true,"href":"https:\/\/labvector.de\/de\/wp-json\/wp\/v2\/users\/3"}],"replies":[{"embeddable":true,"href":"https:\/\/labvector.de\/de\/wp-json\/wp\/v2\/comments?post=255"}],"version-history":[{"count":17,"href":"https:\/\/labvector.de\/de\/wp-json\/wp\/v2\/pages\/255\/revisions"}],"predecessor-version":[{"id":391,"href":"https:\/\/labvector.de\/de\/wp-json\/wp\/v2\/pages\/255\/revisions\/391"}],"up":[{"embeddable":true,"href":"https:\/\/labvector.de\/de\/wp-json\/wp\/v2\/pages\/73"}],"wp:attachment":[{"href":"https:\/\/labvector.de\/de\/wp-json\/wp\/v2\/media?parent=255"}],"curies":[{"name":"wp","href":"https:\/\/api.w.org\/{rel}","templated":true}]}}