{"id":208,"date":"2022-09-03T15:46:03","date_gmt":"2022-09-03T15:46:03","guid":{"rendered":"http:\/\/labvector.de\/?page_id=208"},"modified":"2023-03-05T15:11:54","modified_gmt":"2023-03-05T14:11:54","slug":"gas-analyzers","status":"publish","type":"page","link":"https:\/\/labvector.de\/de\/products\/gas-analyzers\/","title":{"rendered":"Gasanalysatoren"},"content":{"rendered":"<p>[vc_row full_width=&#8220;stretch_row&#8220; el_class=&#8220;catalog_block catalog_block_inner&#8220;][vc_column][vc_column_text]\n\n<div id=\"wk-grid987\" class=\"uk-grid-width-1-1 uk-grid-width-small-1-1 uk-grid-width-medium-1-2 uk-grid-width-large-1-4 uk-grid-width-xlarge-1-4 uk-grid uk-grid-match uk-text-center \" data-uk-grid-match=\"{target:'> div > .uk-panel', row:true}\" data-uk-grid-margin >\n\n\n    <div>\n        <div class=\"uk-panel\">\n\n                        <a class=\"uk-position-cover uk-position-z-index\" href=\"\/de\/products\/gas-analyzers\/panel-mount-oxygen-analyzer-omd-501x\/\"><\/a>\n            \n            \n                        <div class=\"uk-text-center uk-panel-teaser\"><img loading=\"lazy\" decoding=\"async\" src=\"\/wp-content\/uploads\/2022\/12\/OMD-501X-0.jpg\" alt=\"Sauerstoffanalysator OMD-501X f\u00fcr Schalttafelmontage\" width=\"198\" height=\"198\"><\/div>\n            \n            \n                        <h3 class=\"uk-panel-title uk-margin-bottom-remove\">\n\n                                    <a class=\"uk-link-reset\" href=\"\/de\/products\/gas-analyzers\/panel-mount-oxygen-analyzer-omd-501x\/\">Sauerstoffanalysator OMD-501X f\u00fcr Schalttafelmontage<\/a>\n                \n                \n            <\/h3>\n            \n            \n            \n            \n            \n            \n            \n        <\/div>\n    <\/div>\n\n\n    <div>\n        <div class=\"uk-panel\">\n\n                        <a class=\"uk-position-cover uk-position-z-index\" href=\"\/de\/products\/gas-analyzers\/oem-oxygen-analyzer-kit-emd-485\/\"><\/a>\n            \n            \n                        <div class=\"uk-text-center uk-panel-teaser\"><img loading=\"lazy\" decoding=\"async\" src=\"\/wp-content\/uploads\/2022\/12\/EMD-485-0.jpg\" alt=\"OEM Sauerstoffanalysator Kit EMD-485\" width=\"198\" height=\"198\"><\/div>\n            \n            \n                        <h3 class=\"uk-panel-title uk-margin-bottom-remove uk-margin-bottom-remove\">\n\n                                    <a class=\"uk-link-reset\" href=\"\/de\/products\/gas-analyzers\/oem-oxygen-analyzer-kit-emd-485\/\">OEM Sauerstoffanalysator Kit EMD-485<\/a>\n                \n                \n            <\/h3>\n            \n            \n            \n            \n            \n            \n            \n        <\/div>\n    <\/div>\n\n\n<\/div>\n\n<script>\n(function($){\n\n    \/\/ get the images of the gallery and replace it by a canvas of the same size to fix the problem with overlapping images on load.\n    $('img[width][height]:not(.uk-overlay-panel)', $('#wk-grid987')).each(function() {\n\n        var $img = $(this);\n\n        if (this.width == 'auto' || this.height == 'auto' || !$img.is(':visible')) {\n            return;\n        }\n\n        var $canvas = $('<canvas class=\"uk-responsive-width\"><\/canvas>').attr({width:$img.attr('width'), height:$img.attr('height')}),\n            img = new Image,\n            release = function() {\n                $canvas.remove();\n                $img.css('display', '');\n                release = function(){};\n            };\n\n        $img.css('display', 'none').after($canvas);\n\n        $(img).on('load', function(){ release(); });\n        setTimeout(function(){ release(); }, 1000);\n\n        img.src = this.src;\n\n    });\n\n})(jQuery);\n<\/script>\n[\/vc_column_text][\/vc_column][\/vc_row]<br \/>\n[vc_row][vc_column][vc_column_text]<\/p>\n<h2>Sauerstoffanalysatoren f\u00fcr wissenschaftliche und industrielle Anwendungen<\/h2>\n<p>Unsere Firma vertreibt Analysatoren und Sauerstoffsensoren des bekannten Herstellers Southland Sensing. Dieser Hersteller produziert und verpackt eine breite Palette von Sauerstoffanalysatoren, Sensoren und tragbaren Messger\u00e4ten f\u00fcr die Spuren-, Prozent- und Reinheitssauerstoffanalyse. Au\u00dferdem sind SSO2-Analysatoren mit einem umfassenden Elektronikpaket, USB-Flash-Laufwerken und anderen fortschrittlichen Funktionen ausgestattet. Die meisten Sauerstoffanalysatoren und Sensoren sind f\u00fcr einen schnellen Versand auf Lager. F\u00fcr Preise und Verf\u00fcgbarkeit, sowie spezielle Konfigurationen wenden Sie sich bitte an Ihren Kundenservice Labvector GmbH.<\/p>\n<h2>Ersatz-Sauerstoffsensoren f\u00fcr wissenschaftliche, industrielle und medizinische Anwendungen<\/h2>\n<p>Southland Sensing Ltd. stellt einen direkt passenden Ersatz f\u00fcr Sauerstoffanalysatoren anderer Hersteller her. \u00c4hnlich wie beim Austausch einer Taschenlampenbatterie entfernen Sie einfach den vorhandenen Sensor und setzen den neuen Sensor ein. Oftmals werden Sie feststellen, dass SSO2-Sensoren eine bessere Leistung und eine l\u00e4ngere Lebensdauer zu einem g\u00fcnstigeren Preis bieten. Finden Sie die Marke und das Modell Ihrer Zelle nicht? Schicken Sie uns eine kurze E-Mail, und wir k\u00f6nnen den Querverweis f\u00fcr Ihren Sensor \u00fcberpr\u00fcfen.[\/vc_column_text][\/vc_column][\/vc_row]<\/p>\n","protected":false},"excerpt":{"rendered":"<p>[vc_row full_width=&#8220;stretch_row&#8220; el_class=&#8220;catalog_block catalog_block_inner&#8220;][vc_column][vc_column_text][\/vc_column_text][\/vc_column][\/vc_row] [vc_row][vc_column][vc_column_text] Sauerstoffanalysatoren f\u00fcr wissenschaftliche und industrielle Anwendungen Unsere Firma vertreibt Analysatoren und Sauerstoffsensoren des bekannten Herstellers Southland Sensing. Dieser Hersteller produziert und verpackt eine breite Palette von Sauerstoffanalysatoren, Sensoren und tragbaren Messger\u00e4ten f\u00fcr die Spuren-, Prozent- und Reinheitssauerstoffanalyse. Au\u00dferdem sind SSO2-Analysatoren mit einem umfassenden Elektronikpaket, USB-Flash-Laufwerken und anderen fortschrittlichen Funktionen ausgestattet. [&hellip;]<\/p>\n","protected":false},"author":3,"featured_media":0,"parent":12,"menu_order":0,"comment_status":"closed","ping_status":"closed","template":"","meta":{"footnotes":""},"class_list":["post-208","page","type-page","status-publish","hentry"],"translation":{"provider":"WPGlobus","version":"3.0.2","language":"de","enabled_languages":["en","de"],"languages":{"en":{"title":true,"content":true,"excerpt":false},"de":{"title":true,"content":true,"excerpt":false}}},"aioseo_notices":[],"_links":{"self":[{"href":"https:\/\/labvector.de\/de\/wp-json\/wp\/v2\/pages\/208","targetHints":{"allow":["GET"]}}],"collection":[{"href":"https:\/\/labvector.de\/de\/wp-json\/wp\/v2\/pages"}],"about":[{"href":"https:\/\/labvector.de\/de\/wp-json\/wp\/v2\/types\/page"}],"author":[{"embeddable":true,"href":"https:\/\/labvector.de\/de\/wp-json\/wp\/v2\/users\/3"}],"replies":[{"embeddable":true,"href":"https:\/\/labvector.de\/de\/wp-json\/wp\/v2\/comments?post=208"}],"version-history":[{"count":13,"href":"https:\/\/labvector.de\/de\/wp-json\/wp\/v2\/pages\/208\/revisions"}],"predecessor-version":[{"id":578,"href":"https:\/\/labvector.de\/de\/wp-json\/wp\/v2\/pages\/208\/revisions\/578"}],"up":[{"embeddable":true,"href":"https:\/\/labvector.de\/de\/wp-json\/wp\/v2\/pages\/12"}],"wp:attachment":[{"href":"https:\/\/labvector.de\/de\/wp-json\/wp\/v2\/media?parent=208"}],"curies":[{"name":"wp","href":"https:\/\/api.w.org\/{rel}","templated":true}]}}