{"id":10,"date":"2022-08-03T22:45:40","date_gmt":"2022-08-03T22:45:40","guid":{"rendered":"https:\/\/labvector.testofff.ru\/?page_id=10"},"modified":"2023-03-02T13:51:00","modified_gmt":"2023-03-02T12:51:00","slug":"about-us","status":"publish","type":"page","link":"https:\/\/labvector.de\/de\/about-us\/","title":{"rendered":"\u00dcber uns"},"content":{"rendered":"<p>[vc_row][vc_column][vc_column_text]LabVECTOR ist offizieller Vertreter und exklusiver H\u00e4ndler namhafter Hersteller von Wissenschafts- und Laborger\u00e4ten in Deutschland. Das Unternehmen hat seinen Hauptsitz in Hamburg. Dank unserer umfangreichen Logistikm\u00f6glichkeiten k\u00f6nnen wir eine breite Palette von Laborger\u00e4ten schnell liefern. Wir liefern eine Vielzahl von Laborger\u00e4ten, aber die Schwerpunkte von LabVECTOR sind:<\/p>\n<ul>\n<li>Peristaltische Pumpen<\/li>\n<li>Trockenlagerschr\u00e4nke<\/li>\n<li>Gasanalysatoren<\/li>\n<li>Labor Handschuhkasten<\/li>\n<li>Spr\u00fchtrockner<\/li>\n<li>Exsikkatoren<\/li>\n<\/ul>\n<p>F\u00fcr eine qualifizierte Auswahl an Ger\u00e4ten f\u00fcr Ihren Bedarf senden Sie bitte eine Anfrage an unsere E-Mail: <a href=\"mailto:info@labvector.de\">info@labvector.de<\/a>[\/vc_column_text][\/vc_column][\/vc_row]<\/p>\n","protected":false},"excerpt":{"rendered":"<p>[vc_row][vc_column][vc_column_text]LabVECTOR ist offizieller Vertreter und exklusiver H\u00e4ndler namhafter Hersteller von Wissenschafts- und Laborger\u00e4ten in Deutschland. Das Unternehmen hat seinen Hauptsitz in Hamburg. Dank unserer umfangreichen Logistikm\u00f6glichkeiten k\u00f6nnen wir eine breite Palette von Laborger\u00e4ten schnell liefern. Wir liefern eine Vielzahl von Laborger\u00e4ten, aber die Schwerpunkte von LabVECTOR sind: Peristaltische Pumpen Trockenlagerschr\u00e4nke Gasanalysatoren Labor Handschuhkasten Spr\u00fchtrockner Exsikkatoren [&hellip;]<\/p>\n","protected":false},"author":3,"featured_media":0,"parent":0,"menu_order":0,"comment_status":"closed","ping_status":"closed","template":"","meta":{"footnotes":""},"class_list":["post-10","page","type-page","status-publish","hentry"],"translation":{"provider":"WPGlobus","version":"3.0.2","language":"de","enabled_languages":["en","de"],"languages":{"en":{"title":true,"content":true,"excerpt":false},"de":{"title":true,"content":true,"excerpt":false}}},"aioseo_notices":[],"_links":{"self":[{"href":"https:\/\/labvector.de\/de\/wp-json\/wp\/v2\/pages\/10","targetHints":{"allow":["GET"]}}],"collection":[{"href":"https:\/\/labvector.de\/de\/wp-json\/wp\/v2\/pages"}],"about":[{"href":"https:\/\/labvector.de\/de\/wp-json\/wp\/v2\/types\/page"}],"author":[{"embeddable":true,"href":"https:\/\/labvector.de\/de\/wp-json\/wp\/v2\/users\/3"}],"replies":[{"embeddable":true,"href":"https:\/\/labvector.de\/de\/wp-json\/wp\/v2\/comments?post=10"}],"version-history":[{"count":14,"href":"https:\/\/labvector.de\/de\/wp-json\/wp\/v2\/pages\/10\/revisions"}],"predecessor-version":[{"id":514,"href":"https:\/\/labvector.de\/de\/wp-json\/wp\/v2\/pages\/10\/revisions\/514"}],"wp:attachment":[{"href":"https:\/\/labvector.de\/de\/wp-json\/wp\/v2\/media?parent=10"}],"curies":[{"name":"wp","href":"https:\/\/api.w.org\/{rel}","templated":true}]}}